{"id":16,"date":"2020-08-07T21:25:43","date_gmt":"2020-08-07T21:25:43","guid":{"rendered":"http:\/\/hypnotherapeute-sbm.com\/?page_id=16"},"modified":"2021-03-24T14:30:33","modified_gmt":"2021-03-24T14:30:33","slug":"hypnose-paris-et-ouest-parisien","status":"publish","type":"page","link":"https:\/\/hypnotherapeute-sbm.com\/?page_id=16","title":{"rendered":"Mon parcours"},"content":{"rendered":"\n<h2 class=\"has-text-align-center wp-block-heading\"><strong><span style=\"color:#0e3c50\" class=\"tadv-color\">HYPNOSE PARIS ET OUEST PARISIEN<\/span><\/strong><\/h2>\n\n\n\n<div style=\"height:100px\" aria-hidden=\"true\" class=\"wp-block-spacer\"><\/div>\n\n\n\n<h2 class=\"has-text-align-center wp-block-heading\"><span style=\"color:#155d7b\" class=\"tadv-color\"><strong>Hypnoth\u00e9rapeute Ma\u00eetre<\/strong><\/span> <strong><span style=\"color:#11536f\" class=\"tadv-color\">praticienne<\/span><\/strong><\/h2>\n\n\n\n<h2 class=\"has-text-align-center wp-block-heading\"><strong><span style=\"color:#154e67\" class=\"tadv-color\">Psychopraticienne<\/span> <\/strong><\/h2>\n\n\n\n<h2 class=\"has-text-align-center has-text-color wp-block-heading\" style=\"color:#24586e\"><strong>PNL, RITMO, EFT<\/strong>, <strong>Hypnonatal<\/strong><\/h2>\n\n\n\n<h2 class=\"has-text-align-center wp-block-heading\"><\/h2>\n\n\n\n<h2 class=\"has-text-align-center wp-block-heading\"><\/h2>\n\n\n\n<div style=\"height:100px\" aria-hidden=\"true\" class=\"wp-block-spacer\"><\/div>\n\n\n\n<div class=\"wp-block-media-text alignwide is-stacked-on-mobile is-vertically-aligned-top has-background has-very-light-gray-background-color has-background\" style=\"grid-template-columns:38% auto\"><figure class=\"wp-block-media-text__media\"><img data-recalc-dims=\"1\" loading=\"lazy\" decoding=\"async\" width=\"1024\" height=\"683\" src=\"https:\/\/i0.wp.com\/hypnotherapeute-sbm.com\/wp-content\/uploads\/2021\/02\/1611062488_681490000_da5.jpeg?resize=1024%2C683&#038;ssl=1\" alt=\"hypnose paris\" class=\"wp-image-559 size-full\" srcset=\"https:\/\/i0.wp.com\/hypnotherapeute-sbm.com\/wp-content\/uploads\/2021\/02\/1611062488_681490000_da5-scaled.jpeg?resize=1024%2C683&amp;ssl=1 1024w, https:\/\/i0.wp.com\/hypnotherapeute-sbm.com\/wp-content\/uploads\/2021\/02\/1611062488_681490000_da5-scaled.jpeg?resize=300%2C200&amp;ssl=1 300w, https:\/\/i0.wp.com\/hypnotherapeute-sbm.com\/wp-content\/uploads\/2021\/02\/1611062488_681490000_da5-scaled.jpeg?resize=768%2C512&amp;ssl=1 768w, https:\/\/i0.wp.com\/hypnotherapeute-sbm.com\/wp-content\/uploads\/2021\/02\/1611062488_681490000_da5-scaled.jpeg?resize=1536%2C1024&amp;ssl=1 1536w, https:\/\/i0.wp.com\/hypnotherapeute-sbm.com\/wp-content\/uploads\/2021\/02\/1611062488_681490000_da5-scaled.jpeg?resize=2048%2C1365&amp;ssl=1 2048w, https:\/\/i0.wp.com\/hypnotherapeute-sbm.com\/wp-content\/uploads\/2021\/02\/1611062488_681490000_da5-scaled.jpeg?w=2400&amp;ssl=1 2400w\" sizes=\"auto, (max-width: 1024px) 100vw, 1024px\" \/><\/figure><div class=\"wp-block-media-text__content\">\n<p class=\"has-text-color has-normal-font-size\" style=\"color:#12526d\"><strong><span style=\"color:#154559\" class=\"tadv-color\">Bonjour \u00e0 toutes et \u00e0 tous !<\/span><\/strong><\/p>\n\n\n\n<p class=\"has-text-color has-normal-font-size\" style=\"color:#12526d\"><strong><span style=\"color:#10445b\" class=\"tadv-color\">Vous allez surement prendre rdv \u00e0 mon cabinet, et vous livrer. De ce fait, il est l\u00e9gitime de vouloir en savoir un peu plus sur moi ! Voici ces quelques lignes qui je l&#8217;esp\u00e8re,  renforceront votre choix. <\/span><\/strong><\/p>\n\n\n\n<p class=\"has-text-color has-normal-font-size\" style=\"color:#12526d\"><strong><span style=\"color:#10445b\" class=\"tadv-color\">Je suis une grande passionn\u00e9e. Toute ma vie a \u00e9t\u00e9 guid\u00e9e par mes passions successives. Tout d&#8217;abord le sport&#8230;en tant que coach sportif pour les particuliers en coaching sportif individuel \u00e0 Paris, et en cours collectifs. Epanouie de nombreuses ann\u00e9es, en d\u00e9veloppant parall\u00e8lement ce qui allait devenir mon \u00e9quilibre, la danse&#8230; 15 ans de bonheur dans le milieu artistique en tant que chor\u00e9graphe et professeur de danse dans l&#8217;ouest Parisien, avec une expertise toute particuli\u00e8re pour la mise en sc\u00e8ne. J\u2019ai d\u00e9couvert un certain int\u00e9r\u00eat\u00a0 autour du d\u00e9veloppement\u00a0 corporel, par l\u2019\u00e9panouissement, et la confiance en soi que mon enseignement pouvait apporter.<\/span><\/strong><\/p>\n\n\n\n<p><\/p>\n\n\n\n<h3 class=\"wp-block-heading\"><strong><span style=\"color:#134155\" class=\"tadv-color\">La d\u00e9couverte de l&#8217;hypnose<\/span><\/strong><\/h3>\n\n\n\n<p class=\"has-text-color has-normal-font-size\" style=\"color:#164b61\"><strong><span style=\"color: rgb(19, 82, 109);\" class=\"tadv-color\"><b>Maman de 2 enfants, avec tout ce que cela engendre, <\/b><\/span><span style=\"color:#224e61\" class=\"tadv-color\">je d\u00e9couvre gr\u00e2ce \u00e0 mon a\u00een\u00e9 l&#8217;hypnose. D\u00e9tect\u00e9 TDAH, d\u00e8s son plus jeune \u00e2ge, nous cherchions une m\u00e9thode qui lui permettrai de g\u00e9rer ce trouble et de s&#8217;\u00e9panouir sans avoir besoin d&#8217;un m\u00e9dicament.<\/span> Il aura suffi de deux s\u00e9ances pour que nous puissions stopper tout traitement m\u00e9dicamenteux. Ce f\u00fbt une r\u00e9v\u00e9lation. A la fois intrigu\u00e9e, impressionn\u00e9e et convaincu, c&#8217;\u00e9tait alors claire dans mon esprit, l&#8217;hypnose allait faire parti de ma vie. L&#8217;envie d&#8217;en d\u00e9couvrir plus, de me former \u00e0 ce m\u00e9tier d&#8217;\u00e9coute, d&#8217;accompagnement, \u00e9tait une \u00e9vidence.<\/strong><\/p>\n\n\n\n<p class=\"has-text-color has-normal-font-size\" style=\"color:#12465c\"><strong><span style=\"color:#114e68\" class=\"tadv-color\">Tout d\u2019abord certifi\u00e9e praticienne en hypnose Ericksonienne, puis Ma\u00eetre praticienne, j&#8217;ai choisi de continuer<\/span> \u00e0 me former \u00e0 de nombreuses techniques compl\u00e9mentaires, dans l\u2019optique d\u2019acqu\u00e9rir des connaissances sp\u00e9cifiques de qualit\u00e9. Le fait d&#8217;utiliser diff\u00e9rentes techniques dans mes s\u00e9ances me permet d&#8217;assurer un accompagnement complet sur bien des th\u00e9matiques.<\/strong><\/p>\n\n\n\n<p class=\"has-text-color\" style=\"color:#133e51\"><strong>Aujourd&#8217;hui passionn\u00e9e des gens, mon accompagnement, je le souhaite bienveillant, unique, de confiance.<\/strong> <strong><span style=\"color:#0d3545\" class=\"tadv-color\">Pour exercer l&#8217;hypnose, <strong>mon lieu de vie, et de coeur<\/strong><\/span><\/strong> <strong><span style=\"color:#0f3c4f\" class=\"tadv-color\">\u00e9taient ma cible,<\/span><\/strong> <strong><span style=\"color:#0d3545\" class=\"tadv-color\">Paris et l&#8217;Ouest Parisien !<\/span><\/strong><\/p>\n\n\n\n<p class=\"has-text-color has-normal-font-size\" style=\"color:#133e51\"><strong> <\/strong><\/p>\n<\/div><\/div>\n\n\n\n<div style=\"height:100px\" aria-hidden=\"true\" class=\"wp-block-spacer\"><\/div>\n\n\n\n<p>&nbsp;<\/p>\n<p style=\"text-align: center;\">&nbsp;<\/p>\n\n\n\n\n\n<h2 class=\"wp-block-heading\"><strong><span style=\"color:#115d7d\" class=\"tadv-color\"><span style=\"background-color:#eeeeee\" class=\"tadv-background-color\">Mes Formations<\/span><\/span><\/strong><\/h2>\n\n\n\n<p><\/p>\n\n\n\n<div style=\"height:100px\" aria-hidden=\"true\" class=\"wp-block-spacer\"><\/div>\n\n\n\n<p><\/p>\n\n\n\n<p class=\"has-text-color\" style=\"color:#111431\"><span style=\"color:#07637d\" class=\"tadv-color\"><strong>Maitre Praticien en&nbsp;Hypnose Ericksonienne<\/strong>&nbsp;<br>Certifi\u00e9e<em>&nbsp;WHO*, FFHTB*, NGH<\/em>*<\/span><\/p>\n\n\n\n<p><span style=\"color:#145f74\" class=\"tadv-color\"><strong>Praticien en&nbsp;Hypnose Ericksonienne<\/strong><br>Certifi\u00e9e&nbsp;<em>WHO*, FFHTB*,NGH<\/em>*<\/span><\/p>\n\n\n\n<p class=\"has-text-color\" style=\"color:#1e4c60\"><strong>Praticien en<\/strong> <strong>PNL<\/strong><br>Certifi\u00e9e<em>&nbsp;IN*<\/em><\/p>\n\n\n\n<p class=\"has-text-color\" style=\"color:#2d5465\"><strong>Praticien en<\/strong> <strong>EFT\u00ae<\/strong><br>Certifi\u00e9e&nbsp;par <em>l&#8217;IFTA<\/em><\/p>\n\n\n\n<p class=\"has-text-color\" style=\"color:#284e5e\"><strong>Praticien en<\/strong> <strong>RITMO\u00ae<\/strong><br>Certifi\u00e9e&nbsp;par <em>Lili Ruggieri<\/em><\/p>\n\n\n\n<p class=\"has-text-color\" style=\"color:#2c6076\"><strong>Praticien en<\/strong> <strong>Enneagramme<\/strong><br>Certifi\u00e9e&nbsp;par <em>Ecole Fran\u00e7aise d&#8217;Enn\u00e9agramme<\/em><\/p>\n\n\n\n<p><span style=\"color:#106d76\" class=\"tadv-color\"><strong>HYPNONATAL\u00ae<\/strong> <br>Certifi\u00e9e&nbsp;par <em>Lise Bartoli<\/em><\/span><\/p>\n\n\n\n<p><\/p>\n\n\n\n<p><\/p>\n\n\n\n<p><span style=\"color:#0f606f\" class=\"tadv-color\">*<em><strong>FFHTB <\/strong>: F\u00e9d\u00e9ration Fran\u00e7aise d\u2019Hypnose et de Th\u00e9rapie Br\u00e8ve<\/em><\/span><\/p>\n\n\n\n<p><span style=\"color:#0f778a\" class=\"tadv-color\">*<em><strong>WHO <\/strong>: World Hypnosis Organization<\/em><\/span><\/p>\n\n\n\n<p><span style=\"color:#14748a\" class=\"tadv-color\">*<strong>NGH <\/strong>: National <em>Guild of Hypnotists<\/em><\/span><\/p>\n\n\n\n<p class=\"has-text-color\" style=\"color:#316c85\"><strong>*<em>IN<\/em> <\/strong>: <em>certification internationale<\/em><\/p>\n\n\n\n<p><span style=\"color:#116270\" class=\"tadv-color\"><strong>Membre du SUP-H<\/strong> : Syndicat Unitaire des Professionnels de l&#8217;Hypnose<\/span><\/p>\n\n\n\n<p><span style=\"color:#21556b\" class=\"tadv-color\"><strong>Membre du conseil local de sant\u00e9<\/strong> <strong>de Saint-Germain-en-Laye<\/strong><\/span><\/p>\n\n\n\n<ul class=\"wp-block-social-links is-layout-flex wp-block-social-links-is-layout-flex\"><li class=\"wp-social-link wp-social-link-facebook  wp-block-social-link\"><a href=\"https:\/\/www.facebook.com\/hypnotherapeute.sbm.paris.yvelines\/?modal=admin_todo_tour\" class=\"wp-block-social-link-anchor\"><svg width=\"24\" height=\"24\" viewBox=\"0 0 24 24\" version=\"1.1\" xmlns=\"http:\/\/www.w3.org\/2000\/svg\" aria-hidden=\"true\" focusable=\"false\"><path d=\"M12 2C6.5 2 2 6.5 2 12c0 5 3.7 9.1 8.4 9.9v-7H7.9V12h2.5V9.8c0-2.5 1.5-3.9 3.8-3.9 1.1 0 2.2.2 2.2.2v2.5h-1.3c-1.2 0-1.6.8-1.6 1.6V12h2.8l-.4 2.9h-2.3v7C18.3 21.1 22 17 22 12c0-5.5-4.5-10-10-10z\"><\/path><\/svg><span class=\"wp-block-social-link-label screen-reader-text\">Facebook<\/span><\/a><\/li>\n\n\n\n<li class=\"wp-social-link wp-social-link-instagram  wp-block-social-link\"><a href=\"https:\/\/www.instagram.com\/hypnotherapeute_sbm\/\" class=\"wp-block-social-link-anchor\"><svg width=\"24\" height=\"24\" viewBox=\"0 0 24 24\" version=\"1.1\" xmlns=\"http:\/\/www.w3.org\/2000\/svg\" aria-hidden=\"true\" focusable=\"false\"><path d=\"M12,4.622c2.403,0,2.688,0.009,3.637,0.052c0.877,0.04,1.354,0.187,1.671,0.31c0.42,0.163,0.72,0.358,1.035,0.673 c0.315,0.315,0.51,0.615,0.673,1.035c0.123,0.317,0.27,0.794,0.31,1.671c0.043,0.949,0.052,1.234,0.052,3.637 s-0.009,2.688-0.052,3.637c-0.04,0.877-0.187,1.354-0.31,1.671c-0.163,0.42-0.358,0.72-0.673,1.035 c-0.315,0.315-0.615,0.51-1.035,0.673c-0.317,0.123-0.794,0.27-1.671,0.31c-0.949,0.043-1.233,0.052-3.637,0.052 s-2.688-0.009-3.637-0.052c-0.877-0.04-1.354-0.187-1.671-0.31c-0.42-0.163-0.72-0.358-1.035-0.673 c-0.315-0.315-0.51-0.615-0.673-1.035c-0.123-0.317-0.27-0.794-0.31-1.671C4.631,14.688,4.622,14.403,4.622,12 s0.009-2.688,0.052-3.637c0.04-0.877,0.187-1.354,0.31-1.671c0.163-0.42,0.358-0.72,0.673-1.035 c0.315-0.315,0.615-0.51,1.035-0.673c0.317-0.123,0.794-0.27,1.671-0.31C9.312,4.631,9.597,4.622,12,4.622 M12,3 C9.556,3,9.249,3.01,8.289,3.054C7.331,3.098,6.677,3.25,6.105,3.472C5.513,3.702,5.011,4.01,4.511,4.511 c-0.5,0.5-0.808,1.002-1.038,1.594C3.25,6.677,3.098,7.331,3.054,8.289C3.01,9.249,3,9.556,3,12c0,2.444,0.01,2.751,0.054,3.711 c0.044,0.958,0.196,1.612,0.418,2.185c0.23,0.592,0.538,1.094,1.038,1.594c0.5,0.5,1.002,0.808,1.594,1.038 c0.572,0.222,1.227,0.375,2.185,0.418C9.249,20.99,9.556,21,12,21s2.751-0.01,3.711-0.054c0.958-0.044,1.612-0.196,2.185-0.418 c0.592-0.23,1.094-0.538,1.594-1.038c0.5-0.5,0.808-1.002,1.038-1.594c0.222-0.572,0.375-1.227,0.418-2.185 C20.99,14.751,21,14.444,21,12s-0.01-2.751-0.054-3.711c-0.044-0.958-0.196-1.612-0.418-2.185c-0.23-0.592-0.538-1.094-1.038-1.594 c-0.5-0.5-1.002-0.808-1.594-1.038c-0.572-0.222-1.227-0.375-2.185-0.418C14.751,3.01,14.444,3,12,3L12,3z M12,7.378 c-2.552,0-4.622,2.069-4.622,4.622S9.448,16.622,12,16.622s4.622-2.069,4.622-4.622S14.552,7.378,12,7.378z M12,15 c-1.657,0-3-1.343-3-3s1.343-3,3-3s3,1.343,3,3S13.657,15,12,15z M16.804,6.116c-0.596,0-1.08,0.484-1.08,1.08 s0.484,1.08,1.08,1.08c0.596,0,1.08-0.484,1.08-1.08S17.401,6.116,16.804,6.116z\"><\/path><\/svg><span class=\"wp-block-social-link-label screen-reader-text\">Instagram<\/span><\/a><\/li>\n\n\n\n\n\n<li class=\"wp-social-link wp-social-link-mail  wp-block-social-link\"><a href=\"mailto:&#104;y&#112;&#110;&#111;&#116;&#104;&#101;rap&#101;ut&#101;s&#098;m&#064;&#103;m&#097;i&#108;&#046;&#099;o&#109;\" class=\"wp-block-social-link-anchor\"><svg width=\"24\" height=\"24\" viewBox=\"0 0 24 24\" version=\"1.1\" xmlns=\"http:\/\/www.w3.org\/2000\/svg\" aria-hidden=\"true\" focusable=\"false\"><path d=\"M19,5H5c-1.1,0-2,.9-2,2v10c0,1.1.9,2,2,2h14c1.1,0,2-.9,2-2V7c0-1.1-.9-2-2-2zm.5,12c0,.3-.2.5-.5.5H5c-.3,0-.5-.2-.5-.5V9.8l7.5,5.6,7.5-5.6V17zm0-9.1L12,13.6,4.5,7.9V7c0-.3.2-.5.5-.5h14c.3,0,.5.2.5.5v.9z\"><\/path><\/svg><span class=\"wp-block-social-link-label screen-reader-text\">E-mail<\/span><\/a><\/li><\/ul>\n\n\n\n<figure class=\"wp-block-image size-large is-resized\"><a href=\"https:\/\/www.doctolib.fr\/hypnotherapeute\/paris\/stephanie-baudrais-milanovic?pid=practice-139429\" target=\"_blank\" rel=\"noopener noreferrer\"><img data-recalc-dims=\"1\" loading=\"lazy\" decoding=\"async\" src=\"https:\/\/i0.wp.com\/hypnotherapeute-sbm.com\/wp-content\/uploads\/2020\/08\/Logo-doctolib-bleu-tr_crop-5.png?resize=80%2C27&#038;ssl=1\" alt=\"\" class=\"wp-image-237\" width=\"80\" height=\"27\" srcset=\"https:\/\/i0.wp.com\/hypnotherapeute-sbm.com\/wp-content\/uploads\/2020\/08\/Logo-doctolib-bleu-tr_crop-5.png?resize=1024%2C345&amp;ssl=1 1024w, https:\/\/i0.wp.com\/hypnotherapeute-sbm.com\/wp-content\/uploads\/2020\/08\/Logo-doctolib-bleu-tr_crop-5.png?resize=300%2C101&amp;ssl=1 300w, https:\/\/i0.wp.com\/hypnotherapeute-sbm.com\/wp-content\/uploads\/2020\/08\/Logo-doctolib-bleu-tr_crop-5.png?resize=768%2C259&amp;ssl=1 768w, https:\/\/i0.wp.com\/hypnotherapeute-sbm.com\/wp-content\/uploads\/2020\/08\/Logo-doctolib-bleu-tr_crop-5.png?resize=1536%2C518&amp;ssl=1 1536w, https:\/\/i0.wp.com\/hypnotherapeute-sbm.com\/wp-content\/uploads\/2020\/08\/Logo-doctolib-bleu-tr_crop-5.png?w=1949&amp;ssl=1 1949w\" sizes=\"auto, (max-width: 80px) 100vw, 80px\" \/><\/a><\/figure>\n\n\n\n<p class=\"has-text-align-center has-cyan-bluish-gray-background-color has-background has-normal-font-size\"><strong>06.10.07.30.33<\/strong><\/p>\n\n\n\n<p class=\"has-text-align-center has-cyan-bluish-gray-background-color has-background has-normal-font-size\"><strong>hypnoth\u00e9rapeutesbm@gmail.com<\/strong><\/p>\n","protected":false},"excerpt":{"rendered":"<p>HYPNOSE PARIS ET OUEST PARISIEN Hypnoth\u00e9rapeute Ma\u00eetre praticienne Psychopraticienne PNL, RITMO, EFT, Hypnonatal Bonjour \u00e0 toutes et \u00e0 tous ! Vous allez surement prendre rdv \u00e0 mon cabinet, et vous livrer. De ce fait, il est l\u00e9gitime de vouloir en savoir un peu plus sur&nbsp;<a class=\"read-more\" href=\"https:\/\/hypnotherapeute-sbm.com\/?page_id=16\">&hellip;<\/a><\/p>\n","protected":false},"author":1,"featured_media":0,"parent":0,"menu_order":0,"comment_status":"closed","ping_status":"closed","template":"","meta":{"om_disable_all_campaigns":false,"_monsterinsights_skip_tracking":false,"_monsterinsights_sitenote_active":false,"_monsterinsights_sitenote_note":"","_monsterinsights_sitenote_category":0,"ngg_post_thumbnail":0,"footnotes":""},"class_list":["post-16","page","type-page","status-publish","hentry"],"aioseo_notices":[],"jetpack_shortlink":"https:\/\/wp.me\/PcgQ2S-g","jetpack_sharing_enabled":true,"_links":{"self":[{"href":"https:\/\/hypnotherapeute-sbm.com\/index.php?rest_route=\/wp\/v2\/pages\/16","targetHints":{"allow":["GET"]}}],"collection":[{"href":"https:\/\/hypnotherapeute-sbm.com\/index.php?rest_route=\/wp\/v2\/pages"}],"about":[{"href":"https:\/\/hypnotherapeute-sbm.com\/index.php?rest_route=\/wp\/v2\/types\/page"}],"author":[{"embeddable":true,"href":"https:\/\/hypnotherapeute-sbm.com\/index.php?rest_route=\/wp\/v2\/users\/1"}],"replies":[{"embeddable":true,"href":"https:\/\/hypnotherapeute-sbm.com\/index.php?rest_route=%2Fwp%2Fv2%2Fcomments&post=16"}],"version-history":[{"count":61,"href":"https:\/\/hypnotherapeute-sbm.com\/index.php?rest_route=\/wp\/v2\/pages\/16\/revisions"}],"predecessor-version":[{"id":871,"href":"https:\/\/hypnotherapeute-sbm.com\/index.php?rest_route=\/wp\/v2\/pages\/16\/revisions\/871"}],"wp:attachment":[{"href":"https:\/\/hypnotherapeute-sbm.com\/index.php?rest_route=%2Fwp%2Fv2%2Fmedia&parent=16"}],"curies":[{"name":"wp","href":"https:\/\/api.w.org\/{rel}","templated":true}]}}