{"id":17,"date":"2020-08-07T21:25:43","date_gmt":"2020-08-07T21:25:43","guid":{"rendered":"http:\/\/hypnotherapeute-sbm.com\/?page_id=17"},"modified":"2024-11-25T10:39:59","modified_gmt":"2024-11-25T10:39:59","slug":"psychotherapeute","status":"publish","type":"page","link":"https:\/\/hypnotherapeute-sbm.com\/?page_id=17","title":{"rendered":"CABINETS ET TARIFS"},"content":{"rendered":"\n<h1 class=\"wp-block-heading has-text-align-center\"><\/h1>\n\n\n\n<p><\/p>\n\n\n\n<h2 class=\"wp-block-heading\"><strong><span class=\"tadv-color\" style=\"color:#16495f\">SAINT-GERMAIN-EN-LAYE<\/span><\/strong><\/h2>\n\n\n\n<figure class=\"wp-block-image size-medium is-resized is-style-rounded\"><img data-recalc-dims=\"1\" loading=\"lazy\" decoding=\"async\" width=\"225\" height=\"300\" src=\"https:\/\/i0.wp.com\/hypnotherapeute-sbm.com\/wp-content\/uploads\/2021\/03\/20210311_161958.jpg?resize=225%2C300&#038;ssl=1\" alt=\"psychotherapeute saint germain en laye\" class=\"wp-image-852\" style=\"width:169px;height:225px\" srcset=\"https:\/\/i0.wp.com\/hypnotherapeute-sbm.com\/wp-content\/uploads\/2021\/03\/20210311_161958-scaled.jpg?resize=225%2C300&amp;ssl=1 225w, https:\/\/i0.wp.com\/hypnotherapeute-sbm.com\/wp-content\/uploads\/2021\/03\/20210311_161958-scaled.jpg?resize=768%2C1024&amp;ssl=1 768w, https:\/\/i0.wp.com\/hypnotherapeute-sbm.com\/wp-content\/uploads\/2021\/03\/20210311_161958-scaled.jpg?resize=1152%2C1536&amp;ssl=1 1152w, https:\/\/i0.wp.com\/hypnotherapeute-sbm.com\/wp-content\/uploads\/2021\/03\/20210311_161958-scaled.jpg?resize=1536%2C2048&amp;ssl=1 1536w, https:\/\/i0.wp.com\/hypnotherapeute-sbm.com\/wp-content\/uploads\/2021\/03\/20210311_161958-scaled.jpg?w=1920&amp;ssl=1 1920w\" sizes=\"auto, (max-width: 225px) 100vw, 225px\" \/><\/figure>\n\n\n\n<p><strong><span class=\"tadv-color\" style=\"color:#1d4b5d\">Les s\u00e9ances de th\u00e9rapie br\u00e8ve \u00e0 Saint-Germain-en-Laye s&#8217;effectuent dans mon cabinet principal, au 10 rue Saint L\u00e9ger, \u00e0 600m \u00e0 pieds de la clinique de Saint-Germain-en-Laye (78). C&#8217;est dans un espace cosy que je vous re\u00e7ois. L&#8217;espace enfant cr\u00e9e un cocon pour qu&#8217;il se sente en confiance et dans son \u00e9l\u00e9ment. Le cabinet est principalement compos\u00e9 d&#8217;orthophonistes, avec lesquelles nous pouvons \u00e9changer, sur les consultations en rapport (b\u00e9gaiement, aphasie non fluente, dysphonie). <\/span><\/strong><\/p>\n\n\n\n<p><\/p>\n\n\n\n<h2 class=\"wp-block-heading\"><span style=\"color:#ffffff\" class=\"tadv-color\">psychotherapeute           <\/span><strong><span style=\"color:#154b62\" class=\"tadv-color\">BOUGIVAL<\/span><\/strong><\/h2>\n\n\n\n<p><\/p>\n\n\n\n<figure class=\"wp-block-image size-medium is-resized is-style-rounded\"><img data-recalc-dims=\"1\" loading=\"lazy\" decoding=\"async\" width=\"225\" height=\"300\" src=\"https:\/\/i0.wp.com\/hypnotherapeute-sbm.com\/wp-content\/uploads\/2021\/03\/20210308_140221.jpg?resize=225%2C300&#038;ssl=1\" alt=\"psychotherapeute bougival\" class=\"wp-image-853\" style=\"width:169px;height:225px\" srcset=\"https:\/\/i0.wp.com\/hypnotherapeute-sbm.com\/wp-content\/uploads\/2021\/03\/20210308_140221-scaled.jpg?resize=225%2C300&amp;ssl=1 225w, https:\/\/i0.wp.com\/hypnotherapeute-sbm.com\/wp-content\/uploads\/2021\/03\/20210308_140221-scaled.jpg?resize=768%2C1024&amp;ssl=1 768w, https:\/\/i0.wp.com\/hypnotherapeute-sbm.com\/wp-content\/uploads\/2021\/03\/20210308_140221-scaled.jpg?resize=1152%2C1536&amp;ssl=1 1152w, https:\/\/i0.wp.com\/hypnotherapeute-sbm.com\/wp-content\/uploads\/2021\/03\/20210308_140221-scaled.jpg?resize=1536%2C2048&amp;ssl=1 1536w, https:\/\/i0.wp.com\/hypnotherapeute-sbm.com\/wp-content\/uploads\/2021\/03\/20210308_140221-scaled.jpg?w=1920&amp;ssl=1 1920w\" sizes=\"auto, (max-width: 225px) 100vw, 225px\" \/><\/figure>\n\n\n\n<p><\/p>\n\n\n\n<p class=\"has-text-color\" style=\"color:#15485e\"><strong><span class=\"tadv-color\" style=\"color:#16455a\">J&#8217;ai  le plaisir de faire parti de l&#8217;\u00e9quipe du Centre P\u00e9rinatal et P\u00e9diatrique &#8220;Le Chapiteau&#8221; . <\/span><\/strong><\/p>\n\n\n\n<p class=\"has-text-color\" style=\"color:#15485e\"><strong><span class=\"tadv-color\" style=\"color:#16455a\">Compos\u00e9e de gyn\u00e9cologue, p\u00e9diatres, orthophoniste, podologue, psychomotriciennes, sage femme, ost\u00e9opathes, kin\u00e9sith\u00e9rapeute, psychologues, infirmi\u00e8re. <\/span><\/strong><\/p>\n\n\n\n<p class=\"has-text-color\" style=\"color:#15485e\"><strong><span class=\"tadv-color\" style=\"color:#16455a\">C&#8217;est pourquoi, c&#8217;est un r\u00e9el plaisir de pouvoir travailler en total synergie avec tous ces professionnels r\u00e9unis.<\/span><\/strong> <strong><span class=\"tadv-color\" style=\"color:#1b4253\">Au chapiteau, les consultations sont principalement ax\u00e9es sur la femme, la p\u00e9rinatalit\u00e9 et l&#8217;enfant\/ado. L&#8217;hypnonatal est tr\u00e8s demand\u00e9<\/span>. Les troubles sexuels de la femme sont aussi abord\u00e9s avec bienveillance et grande intimit\u00e9.<\/strong><\/p>\n\n\n\n<p><\/p>\n\n\n\n<h2 class=\"wp-block-heading\"><span style=\"color:#ffffff\" class=\"tadv-color\">psychotherapeute       <\/span><\/h2>\n\n\n\n<p><\/p>\n\n\n\n<h2 class=\"wp-block-heading\"><span style=\"color:#ffffff\" class=\"tadv-color\">psychotherapeute         <\/span><strong><span style=\"color:#0a4057\" class=\"tadv-color\"><span style=\"background-color:#eeeeee\" class=\"tadv-background-color\">TARIFS<\/span><\/span><\/strong><\/h2>\n\n\n\n<div class=\"wp-block-media-text alignwide is-stacked-on-mobile\" style=\"grid-template-columns:20% auto\"><figure class=\"wp-block-media-text__media\"><img data-recalc-dims=\"1\" loading=\"lazy\" decoding=\"async\" width=\"225\" height=\"238\" src=\"https:\/\/i0.wp.com\/hypnotherapeute-sbm.com\/wp-content\/uploads\/2020\/08\/tarif.png?resize=225%2C238&#038;ssl=1\" alt=\"tarif psychotherapeute\" class=\"wp-image-172 size-full\"\/><\/figure><div class=\"wp-block-media-text__content\">\n<h4 class=\"wp-block-heading has-text-align-center\"><\/h4>\n\n\n\n<p><\/p>\n<\/div><\/div>\n\n\n\n<figure class=\"wp-block-table\"><table><tbody><tr><td><strong><span class=\"tadv-color\" style=\"color:#083447\">Consultation adulte 18 ans et +  50 min<\/span><\/strong><br><br>Suivi ap partir de la 4eme s\u00e9ance, \u00e9tudiants et demandeurs d&#8217;emploi <strong><span class=\"tadv-color\" style=\"color:#083447\"><br><\/span><\/strong><\/td><td><strong><span class=\"tadv-color\" style=\"color:#09384d\">95\u20ac<br><\/span><\/strong>85\u20ac<\/td><\/tr><tr><td><strong><span style=\"color:#08384d\" class=\"tadv-color\">Consultation  <\/span>12 \u00e0 17 ans 45 min<\/strong><br><strong><span style=\"color:#1e4d61\" class=\"tadv-color\">Consultation &#8211;<\/span>12 ans 40 min<\/strong><\/td><td><strong><span style=\"color:#0e445b\" class=\"tadv-color\">85\u20ac<\/span><\/strong><br><strong><span style=\"color:#1e4a5d\" class=\"tadv-color\">75\u20ac<\/span><\/strong><\/td><\/tr><tr><td><\/td><td><\/td><\/tr><\/tbody><\/table><\/figure>\n\n\n\n<p><\/p>\n\n\n\n<p><strong><span style=\"color:#0b3f56\" class=\"tadv-color\">Consultations domicile <\/span>+15\u20ac<\/strong><\/p>\n\n\n\n<p><strong><span style=\"color:#0c3c50\" class=\"tadv-color\">Paiement accept\u00e9s carte bleu, en ligne ou esp\u00e8ces<\/span><\/strong><\/p>\n\n\n\n<p class=\"has-text-align-center has-cyan-bluish-gray-background-color has-background has-normal-font-size\"><strong>06 10 07 30 33 <\/strong><\/p>\n\n\n\n<ul class=\"wp-block-social-links is-layout-flex wp-block-social-links-is-layout-flex\"><li class=\"wp-social-link wp-social-link-facebook  wp-block-social-link\"><a href=\"https:\/\/www.facebook.com\/hypnotherapeute.sbm.paris.yvelines\/?modal=admin_todo_tour\" class=\"wp-block-social-link-anchor\"><svg width=\"24\" height=\"24\" viewBox=\"0 0 24 24\" version=\"1.1\" xmlns=\"http:\/\/www.w3.org\/2000\/svg\" aria-hidden=\"true\" focusable=\"false\"><path d=\"M12 2C6.5 2 2 6.5 2 12c0 5 3.7 9.1 8.4 9.9v-7H7.9V12h2.5V9.8c0-2.5 1.5-3.9 3.8-3.9 1.1 0 2.2.2 2.2.2v2.5h-1.3c-1.2 0-1.6.8-1.6 1.6V12h2.8l-.4 2.9h-2.3v7C18.3 21.1 22 17 22 12c0-5.5-4.5-10-10-10z\"><\/path><\/svg><span class=\"wp-block-social-link-label screen-reader-text\">Facebook<\/span><\/a><\/li>\n\n\n\n<li class=\"wp-social-link wp-social-link-instagram  wp-block-social-link\"><a href=\"https:\/\/www.instagram.com\/hypnotherapeute_sbm\/\" class=\"wp-block-social-link-anchor\"><svg width=\"24\" height=\"24\" viewBox=\"0 0 24 24\" version=\"1.1\" xmlns=\"http:\/\/www.w3.org\/2000\/svg\" aria-hidden=\"true\" focusable=\"false\"><path d=\"M12,4.622c2.403,0,2.688,0.009,3.637,0.052c0.877,0.04,1.354,0.187,1.671,0.31c0.42,0.163,0.72,0.358,1.035,0.673 c0.315,0.315,0.51,0.615,0.673,1.035c0.123,0.317,0.27,0.794,0.31,1.671c0.043,0.949,0.052,1.234,0.052,3.637 s-0.009,2.688-0.052,3.637c-0.04,0.877-0.187,1.354-0.31,1.671c-0.163,0.42-0.358,0.72-0.673,1.035 c-0.315,0.315-0.615,0.51-1.035,0.673c-0.317,0.123-0.794,0.27-1.671,0.31c-0.949,0.043-1.233,0.052-3.637,0.052 s-2.688-0.009-3.637-0.052c-0.877-0.04-1.354-0.187-1.671-0.31c-0.42-0.163-0.72-0.358-1.035-0.673 c-0.315-0.315-0.51-0.615-0.673-1.035c-0.123-0.317-0.27-0.794-0.31-1.671C4.631,14.688,4.622,14.403,4.622,12 s0.009-2.688,0.052-3.637c0.04-0.877,0.187-1.354,0.31-1.671c0.163-0.42,0.358-0.72,0.673-1.035 c0.315-0.315,0.615-0.51,1.035-0.673c0.317-0.123,0.794-0.27,1.671-0.31C9.312,4.631,9.597,4.622,12,4.622 M12,3 C9.556,3,9.249,3.01,8.289,3.054C7.331,3.098,6.677,3.25,6.105,3.472C5.513,3.702,5.011,4.01,4.511,4.511 c-0.5,0.5-0.808,1.002-1.038,1.594C3.25,6.677,3.098,7.331,3.054,8.289C3.01,9.249,3,9.556,3,12c0,2.444,0.01,2.751,0.054,3.711 c0.044,0.958,0.196,1.612,0.418,2.185c0.23,0.592,0.538,1.094,1.038,1.594c0.5,0.5,1.002,0.808,1.594,1.038 c0.572,0.222,1.227,0.375,2.185,0.418C9.249,20.99,9.556,21,12,21s2.751-0.01,3.711-0.054c0.958-0.044,1.612-0.196,2.185-0.418 c0.592-0.23,1.094-0.538,1.594-1.038c0.5-0.5,0.808-1.002,1.038-1.594c0.222-0.572,0.375-1.227,0.418-2.185 C20.99,14.751,21,14.444,21,12s-0.01-2.751-0.054-3.711c-0.044-0.958-0.196-1.612-0.418-2.185c-0.23-0.592-0.538-1.094-1.038-1.594 c-0.5-0.5-1.002-0.808-1.594-1.038c-0.572-0.222-1.227-0.375-2.185-0.418C14.751,3.01,14.444,3,12,3L12,3z M12,7.378 c-2.552,0-4.622,2.069-4.622,4.622S9.448,16.622,12,16.622s4.622-2.069,4.622-4.622S14.552,7.378,12,7.378z M12,15 c-1.657,0-3-1.343-3-3s1.343-3,3-3s3,1.343,3,3S13.657,15,12,15z M16.804,6.116c-0.596,0-1.08,0.484-1.08,1.08 s0.484,1.08,1.08,1.08c0.596,0,1.08-0.484,1.08-1.08S17.401,6.116,16.804,6.116z\"><\/path><\/svg><span class=\"wp-block-social-link-label screen-reader-text\">Instagram<\/span><\/a><\/li>\n\n\n\n\n\n<li class=\"wp-social-link wp-social-link-mail  wp-block-social-link\"><a href=\"mailto:&#104;yp&#110;&#111;&#116;h&#101;ra&#112;e&#117;&#116;&#101;s&#098;m&#064;g&#109;&#097;i&#108;.&#099;&#111;m\" class=\"wp-block-social-link-anchor\"><svg width=\"24\" height=\"24\" viewBox=\"0 0 24 24\" version=\"1.1\" xmlns=\"http:\/\/www.w3.org\/2000\/svg\" aria-hidden=\"true\" focusable=\"false\"><path d=\"M19,5H5c-1.1,0-2,.9-2,2v10c0,1.1.9,2,2,2h14c1.1,0,2-.9,2-2V7c0-1.1-.9-2-2-2zm.5,12c0,.3-.2.5-.5.5H5c-.3,0-.5-.2-.5-.5V9.8l7.5,5.6,7.5-5.6V17zm0-9.1L12,13.6,4.5,7.9V7c0-.3.2-.5.5-.5h14c.3,0,.5.2.5.5v.9z\"><\/path><\/svg><span class=\"wp-block-social-link-label screen-reader-text\">E-mail<\/span><\/a><\/li><\/ul>\n\n\n\n<p class=\"has-text-align-center has-cyan-bluish-gray-background-color has-background has-normal-font-size\"><strong>hypnoth\u00e9rapeutesbm@gmail.com<\/strong><\/p>\n\n\n\n<p><br>&nbsp;<strong><sup>M\u00c9DIATION DE LA CONSOMMATION<\/sup><\/strong><\/p>\n\n\n\n<p><strong><sup>Le m\u00e9diateur MCP MEDIATION peut \u00eatre saisi directement en ligne \u00e0 l&#8217;adresse suivante :&nbsp;<\/sup><\/strong><a href=\"http:\/\/www.mcpmediation.org\/\" target=\"_blank\" rel=\"noreferrer noopener\"><sup><strong>www.mcpmediation.org<\/strong><\/sup><\/a><\/p>\n\n\n\n<p><strong><sup>Conform\u00e9ment aux dispositions des articles L 611-1 et R 612-1 et suivants du Code de la Consommation concernant le r\u00e8glement amiable des litiges : Lorsque le consommateur a adress\u00e9 une r\u00e9clamation \u00e9crite au professionnel et qu\u2019il n\u2019a pas obtenu satisfaction ou de r\u00e9ponse dans un d\u00e9lai de deux mois, il peut soumettre gratuitement sa r\u00e9clamation au m\u00e9diateur de la consommation. Le m\u00e9diateur doit \u00eatre saisi dans le d\u00e9lai maximal d\u2019un an \u00e0 compter de la r\u00e9clamation initiale.<\/sup><\/strong><\/p>\n\n\n\n<p><strong><sup>ou par courrier&nbsp;M\u00c9DIATION DE LA CONSOMMATION &amp; PATRIMOINE&nbsp;&#8211; 12 Square Desnouettes &#8211; 75015 PARIS<\/sup><\/strong><\/p>\n","protected":false},"excerpt":{"rendered":"<p>SAINT-GERMAIN-EN-LAYE Les s\u00e9ances de th\u00e9rapie br\u00e8ve \u00e0 Saint-Germain-en-Laye s&#8217;effectuent dans mon cabinet principal, au 10 rue Saint L\u00e9ger, \u00e0 600m \u00e0 pieds de la clinique de Saint-Germain-en-Laye (78). C&#8217;est dans un espace cosy que je vous re\u00e7ois. L&#8217;espace enfant cr\u00e9e un cocon pour qu&#8217;il se&nbsp;<a class=\"read-more\" href=\"https:\/\/hypnotherapeute-sbm.com\/?page_id=17\">&hellip;<\/a><\/p>\n","protected":false},"author":1,"featured_media":0,"parent":0,"menu_order":0,"comment_status":"closed","ping_status":"closed","template":"","meta":{"om_disable_all_campaigns":false,"_monsterinsights_skip_tracking":false,"_monsterinsights_sitenote_active":false,"_monsterinsights_sitenote_note":"","_monsterinsights_sitenote_category":0,"ngg_post_thumbnail":0,"footnotes":""},"class_list":["post-17","page","type-page","status-publish","hentry"],"aioseo_notices":[],"jetpack_shortlink":"https:\/\/wp.me\/PcgQ2S-h","jetpack_sharing_enabled":true,"_links":{"self":[{"href":"https:\/\/hypnotherapeute-sbm.com\/index.php?rest_route=\/wp\/v2\/pages\/17","targetHints":{"allow":["GET"]}}],"collection":[{"href":"https:\/\/hypnotherapeute-sbm.com\/index.php?rest_route=\/wp\/v2\/pages"}],"about":[{"href":"https:\/\/hypnotherapeute-sbm.com\/index.php?rest_route=\/wp\/v2\/types\/page"}],"author":[{"embeddable":true,"href":"https:\/\/hypnotherapeute-sbm.com\/index.php?rest_route=\/wp\/v2\/users\/1"}],"replies":[{"embeddable":true,"href":"https:\/\/hypnotherapeute-sbm.com\/index.php?rest_route=%2Fwp%2Fv2%2Fcomments&post=17"}],"version-history":[{"count":61,"href":"https:\/\/hypnotherapeute-sbm.com\/index.php?rest_route=\/wp\/v2\/pages\/17\/revisions"}],"predecessor-version":[{"id":985,"href":"https:\/\/hypnotherapeute-sbm.com\/index.php?rest_route=\/wp\/v2\/pages\/17\/revisions\/985"}],"wp:attachment":[{"href":"https:\/\/hypnotherapeute-sbm.com\/index.php?rest_route=%2Fwp%2Fv2%2Fmedia&parent=17"}],"curies":[{"name":"wp","href":"https:\/\/api.w.org\/{rel}","templated":true}]}}