{"id":592,"date":"2021-03-10T18:25:45","date_gmt":"2021-03-10T18:25:45","guid":{"rendered":"http:\/\/hypnotherapeute-sbm.com\/?page_id=592"},"modified":"2021-03-21T16:55:02","modified_gmt":"2021-03-21T16:55:02","slug":"coach-de-vie-et-de-developpement-personnel","status":"publish","type":"page","link":"https:\/\/hypnotherapeute-sbm.com\/?page_id=592","title":{"rendered":"COACH DE VIE"},"content":{"rendered":"\n<p><\/p>\n\n\n\n<h2 class=\"has-text-color wp-block-heading\" style=\"color:#194c61\"><strong>COACH DE VIE <span style=\"color:#144b62\" class=\"tadv-color\">DEVELOPPEMENT PERSONNEL<\/span><\/strong><\/h2>\n\n\n\n<figure class=\"wp-block-image size-large is-resized\"><img data-recalc-dims=\"1\" loading=\"lazy\" decoding=\"async\" src=\"https:\/\/i0.wp.com\/hypnotherapeute-sbm.com\/wp-content\/uploads\/2020\/08\/cropped-FB_IMG_1596827852471-3.jpg?resize=266%2C121&#038;ssl=1\" alt=\"coach de vie\" class=\"wp-image-13\" width=\"266\" height=\"121\" srcset=\"https:\/\/i0.wp.com\/hypnotherapeute-sbm.com\/wp-content\/uploads\/2020\/08\/cropped-FB_IMG_1596827852471-3.jpg?w=612&amp;ssl=1 612w, https:\/\/i0.wp.com\/hypnotherapeute-sbm.com\/wp-content\/uploads\/2020\/08\/cropped-FB_IMG_1596827852471-3.jpg?resize=300%2C137&amp;ssl=1 300w\" sizes=\"auto, (max-width: 266px) 100vw, 266px\" \/><\/figure>\n\n\n\n<p><\/p>\n\n\n\n<p><span style=\"\" class=\"tadv-color\"><font color=\"#11394b\"><b>Je vous accompagne \u00e0 un moment de votre vie ou vous rencontrez des difficult\u00e9s. Peut-\u00eatre des obstacles ou tout simplement des doutes et interrogations sur votre futur. C&#8217;est un accompagnement bref sur moins d\u2019un an qui va vous permettre de trouver vos propres solutions. Ces solutions sont d\u00e9j\u00e0 en vous, c&#8217;est ce que nous <\/b><\/font><\/span><strong><span style=\"color:#11394b\" class=\"tadv-color\">appelons vos ressources. Celles que vous avez d\u00e9velopp\u00e9e<\/span><span style=\"color:#103e51\" class=\"tadv-color\">s<\/span><span style=\"color:#11394b\" class=\"tadv-color\"> tout au long de votre vie, de par votre exp\u00e9rience de vie, vos r\u00e9ussites, vos fiert\u00e9s. Mon r\u00f4le est de travailler sur vos \u00e9motions, vos peurs, vos doutes, afin d\u00e9bloquer vos croyances en trouvant les leviers g\u00e9n\u00e9rateurs de changement. Le coaching est orient\u00e9 futur, afin de r\u00e9aliser un projet, d&#8217;atteindre un objectif.<\/span><\/strong><\/p>\n\n\n\n<p> <span style=\"font-weight: bold; color: rgb(21, 64, 83);\" class=\"tadv-color\">Le &#8220;plus&#8221; que je vous apporte, est de travailler en confiance sur deux types d&#8217;accompagnement. <\/span><strong><span style=\"color:#17465a\" class=\"tadv-color\">D&#8217;un c\u00f4t\u00e9<\/span><span style=\"color:#154053\" class=\"tadv-color\">, la psychoth\u00e9rapie, permettra de mieux comprendre votre mode fonctionnement<\/span><\/strong> <strong><span style=\"color:#1d556e\" class=\"tadv-color\">e<\/span><span style=\"color:#144356\" class=\"tadv-color\">t<\/span><\/strong> <strong><span style=\"color:#195067\" class=\"tadv-color\">de<\/span><\/strong> <strong><span style=\"color:#154053\" class=\"tadv-color\">rem\u00e9dier aux failles acquises durant votre vie. De l&#8217;autre, le coaching, pour vous guider vers la mise en place d&#8217;actions concr\u00e8tes pour r\u00e9aliser votre projet.<\/span><\/strong><\/p>\n\n\n\n<p><\/p>\n\n\n\n<h2 class=\"has-text-color wp-block-heading\" style=\"color:#174b61\">COACH DE VIE <strong><span style=\"color:#173f59\" class=\"tadv-color\">FAMILIAL<\/span><\/strong><\/h2>\n\n\n\n<figure class=\"wp-block-image size-large is-resized\"><img data-recalc-dims=\"1\" loading=\"lazy\" decoding=\"async\" src=\"https:\/\/i0.wp.com\/hypnotherapeute-sbm.com\/wp-content\/uploads\/2021\/03\/telechargement-3.jpg?resize=231%2C122&#038;ssl=1\" alt=\"COACH FAMILIAL\" class=\"wp-image-787\" width=\"231\" height=\"122\" srcset=\"https:\/\/i0.wp.com\/hypnotherapeute-sbm.com\/wp-content\/uploads\/2021\/03\/telechargement-3.jpg?w=308&amp;ssl=1 308w, https:\/\/i0.wp.com\/hypnotherapeute-sbm.com\/wp-content\/uploads\/2021\/03\/telechargement-3.jpg?resize=300%2C159&amp;ssl=1 300w\" sizes=\"auto, (max-width: 231px) 100vw, 231px\" \/><\/figure>\n\n\n\n<p><strong><span style=\"color:#174458\" class=\"tadv-color\">Le coach familial va tout d&#8217;abord rep\u00e9rer les failles. Les failles \u00e9ducatives, de communication ou d&#8217;interaction pr\u00e9sentes au sein de la syst\u00e9mie. En observant la vit \u00e0 la maison ou en analysant la description de chacun des membres de la famille. En premier lieu, mon but est d&#8217;apporter mon soutien en d\u00e9culpabilisant les parents. C&#8217;est pourquoi je cherche \u00e0 comprendre autant l&#8217;enfant que les parents, afin de trouver des solutions adapt\u00e9es \u00e0 chacun.<\/span><\/strong><\/p>\n\n\n\n<p><strong><span style=\"color:#144c64\" class=\"tadv-color\">Quelques exemples des causes pour consulter<\/span><\/strong><\/p>\n\n\n\n<ul class=\"wp-block-list\"><li><strong><span style=\"color:#124053\" class=\"tadv-color\">Les parents n&#8217;ont pas la m\u00eame \u00e9ducation ce qui entraine des conflits <\/span><\/strong><\/li><li><strong><span style=\"color:#124053\" class=\"tadv-color\">Les parents divorcent.<\/span><\/strong><\/li><li><strong><span style=\"color:#124053\" class=\"tadv-color\">L\u2019enfant\/ado n\u2019exprime que le mot \u00ab\u00a0non\u00a0\u00bb <\/span><\/strong><\/li><li><strong><span style=\"color:#124053\" class=\"tadv-color\">ne travaille plus \u00e0 l\u2019\u00e9cole et\/ou est violent <\/span><\/strong><\/li><li><strong><span style=\"color:#124053\" class=\"tadv-color\">s\u2019oppose \u00e0 l\u2019autorit\u00e9 parentale<\/span><\/strong><\/li><li><strong><span style=\"color:#124053\" class=\"tadv-color\">a des probl\u00e8mes avec l&#8217;alimentation<\/span><\/strong><\/li><\/ul>\n\n\n\n<p><\/p>\n\n\n\n<h2 class=\"has-text-color wp-block-heading\" style=\"color:#113755\"><strong>COUPLE<\/strong><\/h2>\n\n\n\n<figure class=\"wp-block-image size-large is-resized\"><img data-recalc-dims=\"1\" loading=\"lazy\" decoding=\"async\" src=\"https:\/\/i0.wp.com\/hypnotherapeute-sbm.com\/wp-content\/uploads\/2021\/03\/Couple-page-mobile-asaf-r-unsplash.jpg?resize=154%2C191&#038;ssl=1\" alt=\"coach couple\" class=\"wp-image-790\" width=\"154\" height=\"191\" srcset=\"https:\/\/i0.wp.com\/hypnotherapeute-sbm.com\/wp-content\/uploads\/2021\/03\/Couple-page-mobile-asaf-r-unsplash.jpg?w=375&amp;ssl=1 375w, https:\/\/i0.wp.com\/hypnotherapeute-sbm.com\/wp-content\/uploads\/2021\/03\/Couple-page-mobile-asaf-r-unsplash.jpg?resize=241%2C300&amp;ssl=1 241w\" sizes=\"auto, (max-width: 154px) 100vw, 154px\" \/><\/figure>\n\n\n\n<p><\/p>\n\n\n\n<p><strong><span style=\"color:#0f455b\" class=\"tadv-color\">Le but du coaching de couple est de r\u00e9tablir l&#8217;harmonie. En travaillant sur la communication, et les ressentis \u00e9motionnels et corporels, nous mobilisons tous les sens. Parce que l&#8217;amour de l&#8217;autre passe avant tout par l&#8217;amour de soi, nous nous attardons, sur vos ressentis, vos d\u00e9sirs et besoins individuels.<\/span><\/strong> <strong><span style=\"color:#18526a\" class=\"tadv-color\">Cela<\/span><\/strong>, <strong><span style=\"color:#134e67\" class=\"tadv-color\">d<\/span><span style=\"color:#15465b\" class=\"tadv-color\">ans le but de d<\/span><span style=\"color:#0f455b\" class=\"tadv-color\">\u00e9finir quelles sont vos priorit\u00e9s, afin de les conjuguer avec celles de votre moiti\u00e9.<\/span><\/strong><\/p>\n\n\n\n<p><strong><span style=\"color:#124256\" class=\"tadv-color\">Une premi\u00e8re s\u00e9ance est d\u00e9di\u00e9e \u00e0 l&#8217;\u00e9coute du couple, une deuxi\u00e8me \u00e0 la femme, et une troisi\u00e8me a<\/span><span style=\"color:#134155\" class=\"tadv-color\">u c<\/span><span style=\"color:#124256\" class=\"tadv-color\">onjoint. <\/span><span style=\"color:#184a5f\" class=\"tadv-color\">Ensuite, n<\/span><span style=\"color:#124256\" class=\"tadv-color\">ous faisons le point \u00e0 nouveau avec les deux p<\/span><span style=\"color:#1e556c\" class=\"tadv-color\">arents<\/span><\/strong> <strong><span style=\"color:#124256\" class=\"tadv-color\">lors d&#8217;une quatri\u00e8me s\u00e9ance, a<\/span><span style=\"color:#134960\" class=\"tadv-color\">lors que nous aurons<\/span><\/strong> <strong><span style=\"color:#124256\" class=\"tadv-color\">travaill\u00e9s en individuel sur les points d\u00e9faillants de chacun.<\/span><\/strong><\/p>\n","protected":false},"excerpt":{"rendered":"<p>COACH DE VIE DEVELOPPEMENT PERSONNEL Je vous accompagne \u00e0 un moment de votre vie ou vous rencontrez des difficult\u00e9s. Peut-\u00eatre des obstacles ou tout simplement des doutes et interrogations sur votre futur. C&#8217;est un accompagnement bref sur moins d\u2019un an qui va vous permettre de&nbsp;<a class=\"read-more\" href=\"https:\/\/hypnotherapeute-sbm.com\/?page_id=592\">&hellip;<\/a><\/p>\n","protected":false},"author":1,"featured_media":0,"parent":0,"menu_order":0,"comment_status":"closed","ping_status":"closed","template":"","meta":{"om_disable_all_campaigns":false,"_monsterinsights_skip_tracking":false,"_monsterinsights_sitenote_active":false,"_monsterinsights_sitenote_note":"","_monsterinsights_sitenote_category":0,"ngg_post_thumbnail":0,"footnotes":""},"class_list":["post-592","page","type-page","status-publish","hentry"],"aioseo_notices":[],"jetpack_shortlink":"https:\/\/wp.me\/PcgQ2S-9y","jetpack_sharing_enabled":true,"_links":{"self":[{"href":"https:\/\/hypnotherapeute-sbm.com\/index.php?rest_route=\/wp\/v2\/pages\/592","targetHints":{"allow":["GET"]}}],"collection":[{"href":"https:\/\/hypnotherapeute-sbm.com\/index.php?rest_route=\/wp\/v2\/pages"}],"about":[{"href":"https:\/\/hypnotherapeute-sbm.com\/index.php?rest_route=\/wp\/v2\/types\/page"}],"author":[{"embeddable":true,"href":"https:\/\/hypnotherapeute-sbm.com\/index.php?rest_route=\/wp\/v2\/users\/1"}],"replies":[{"embeddable":true,"href":"https:\/\/hypnotherapeute-sbm.com\/index.php?rest_route=%2Fwp%2Fv2%2Fcomments&post=592"}],"version-history":[{"count":14,"href":"https:\/\/hypnotherapeute-sbm.com\/index.php?rest_route=\/wp\/v2\/pages\/592\/revisions"}],"predecessor-version":[{"id":830,"href":"https:\/\/hypnotherapeute-sbm.com\/index.php?rest_route=\/wp\/v2\/pages\/592\/revisions\/830"}],"wp:attachment":[{"href":"https:\/\/hypnotherapeute-sbm.com\/index.php?rest_route=%2Fwp%2Fv2%2Fmedia&parent=592"}],"curies":[{"name":"wp","href":"https:\/\/api.w.org\/{rel}","templated":true}]}}