{"id":604,"date":"2021-03-10T18:31:01","date_gmt":"2021-03-10T18:31:01","guid":{"rendered":"http:\/\/hypnotherapeute-sbm.com\/?page_id=604"},"modified":"2024-11-25T09:59:16","modified_gmt":"2024-11-25T09:59:16","slug":"hypnonatal-hypnose-pour-grossesse-fiv-pma","status":"publish","type":"page","link":"https:\/\/hypnotherapeute-sbm.com\/?page_id=604","title":{"rendered":"HYPNONATAL"},"content":{"rendered":"\n<p><strong>Particuli\u00e8rement impliqu\u00e9e dans la th\u00e9rapie autour de la femme, j\u2019adapte mes outils en fonction du d\u00e9roulement de la s\u00e9ance, afin de proposer un accompagnement optimal, rapide et durable.<\/strong> <strong><span style=\"color:#103f53\" class=\"tadv-color\">L&#8217;hypnonatal permet une multitude de possibilit\u00e9s quand au d\u00e9veloppement des facult\u00e9s naturelles de la femme.<\/span><\/strong><\/p>\n\n\n\n<figure class=\"wp-block-image size-large is-resized is-style-rounded\"><img data-recalc-dims=\"1\" loading=\"lazy\" decoding=\"async\" width=\"838\" height=\"573\" src=\"https:\/\/i0.wp.com\/hypnotherapeute-sbm.com\/wp-content\/uploads\/2020\/08\/besoins_alimentaires_femmes_enceinte.jpg?resize=838%2C573&#038;ssl=1\" alt=\"hypnonatal\" class=\"wp-image-135\" style=\"width:210px;height:143px\" srcset=\"https:\/\/i0.wp.com\/hypnotherapeute-sbm.com\/wp-content\/uploads\/2020\/08\/besoins_alimentaires_femmes_enceinte.jpg?w=838&amp;ssl=1 838w, https:\/\/i0.wp.com\/hypnotherapeute-sbm.com\/wp-content\/uploads\/2020\/08\/besoins_alimentaires_femmes_enceinte.jpg?resize=300%2C205&amp;ssl=1 300w, https:\/\/i0.wp.com\/hypnotherapeute-sbm.com\/wp-content\/uploads\/2020\/08\/besoins_alimentaires_femmes_enceinte.jpg?resize=768%2C525&amp;ssl=1 768w\" sizes=\"auto, (max-width: 838px) 100vw, 838px\" \/><\/figure>\n\n\n\n<p><\/p>\n\n\n\n<h2 class=\"wp-block-heading has-text-color\" style=\"color:#144a61\"><strong>HYPNONATAL &#8211; LA METHODE<\/strong><\/h2>\n\n\n\n<p><\/p>\n\n\n\n<p><span style=\"color:#144053\" class=\"tadv-color\"><strong>L&#8217;hypnonatal est une technique d&#8217;hypnose et auto hypnose pour la grossesse et l\u2019accouchement. Technique particuli\u00e8re et propre \u00e0 ce moment important dans la vie d\u2019une femme.&nbsp;M\u00e9thode de relaxation corporelle et mentale, elle associ\u00e9 des visualisations, des suggestions positives<\/strong>,<strong>&nbsp;et des m\u00e9taphores<\/strong>.&nbsp;<strong>Elle<\/strong>&nbsp;<strong>va permettre de sugg\u00e9rer un mieux \u00eatre, et dissiper d<\/strong>\u2018<strong>\u00e9ventuels maux de grossesse.&nbsp;En travaillant avec votre esprit inconscient, cela vous aide \u00e0 rompre vos habitudes ou \u00e0 arr\u00eater les r\u00e9actions physiques ind\u00e9sirables<\/strong>.<\/span><\/p>\n\n\n\n<p><strong><span style=\"color:#134358\" class=\"tadv-color\">L\u2019auto-hypnose permet d\u2019aider la femme \u00e0 se sentir physiquement, mentalement, et spirituellement pr\u00e9par\u00e9e. A r\u00e9duire les sentiments de peur, d\u2019anxi\u00e9t\u00e9 et de douleur pendant l\u2019accouchement.&nbsp;Des recherches sont \u00e9galement en cours sur les effets de l\u2019hypnoth\u00e9rapie sur la d\u00e9pression postnatale.<\/span><\/strong><\/p>\n\n\n\n<p><strong><span style=\"color:#11475e\" class=\"tadv-color\">C\u2019est ce qui rend cette m\u00e9thode simple et accessible \u00e0 toutes les futures mamans. C\u2019est gr\u00e2ce \u00e0 un \u00e9tat d\u2019attention focalis\u00e9e, que cette technique aide \u00e0 vivre la grossesse le plus sereinement possible. Par cons\u00e9quent, elle permet d\u2019appr\u00e9hender positivement l\u2019accouchement, en aidant les femmes \u00e0 puiser en elles l\u2019intuition et l\u2019assurance personnelle. Le but \u00e9tant de vivre pleinement et activement la naissance de leur enfant.<\/span><\/strong><\/p>\n\n\n\n<p><\/p>\n\n\n\n<h2 class=\"wp-block-heading\"><span style=\"color:#123e52\" class=\"tadv-color\"><strong>LES SEANCES<\/strong> <\/span><strong><span style=\"color:#1a465a\" class=\"tadv-color\">D&#8217;HYPNONATAL<\/span><\/strong><\/h2>\n\n\n\n<p><\/p>\n\n\n\n<p><span style=\"color:#17536d\" class=\"tadv-color\"><strong>Les s\u00e9ances d\u00e9butent \u00e0 partir du 4\u00e8me mois de grossesse. Un minimum de 4 s\u00e9ances est n\u00e9cessaire afin de mettre en place tous les b\u00e9n\u00e9fices que la technique va vous apporter.<\/strong>&nbsp;<strong>Les futurs p\u00e8res sont convi\u00e9s \u00e0 assister \u00e0 la premi\u00e8re s\u00e9ance.<br>Ils pourront ainsi profiter de la relaxation propos\u00e9e lors de ce cours et ils partageront leur ressenti s\u2019ils le souhaitent.<\/strong><\/span><\/p>\n\n\n\n<p><strong><span style=\"color:#18526a\" class=\"tadv-color\">Les s\u00e9ances, et les audios Hypnonatal vous permettront de :<\/span><\/strong><\/p>\n\n\n\n<ul class=\"wp-block-list\">\n<li><span class=\"tadv-color\" style=\"color:#16475c\"><strong>Vous relaxer ;<\/strong><\/span><\/li>\n\n\n\n<li><span class=\"tadv-color\" style=\"color:#16475c\"><strong>Stimuler votre \u00e9nergie ;<\/strong><\/span><\/li>\n\n\n\n<li><span class=\"tadv-color\" style=\"color:#16475c\"><strong>Profiter d\u2019uns sommeil r\u00e9parateur ;<\/strong><\/span><\/li>\n\n\n\n<li><span class=\"tadv-color\" style=\"color:#16475c\"><strong>D\u00e9velopper votre assurance et votre intuition ;<\/strong><\/span><\/li>\n\n\n\n<li><span class=\"tadv-color\" style=\"color:#16475c\"><strong>Accro\u00eetre la communication avec votre enfant in ut\u00e9ro ;<\/strong><\/span><\/li>\n\n\n\n<li><span class=\"tadv-color\" style=\"color:#16475c\"><strong>Augmenter les pens\u00e9es positives et \u00e9loigner les pens\u00e9es n\u00e9gatives ;<\/strong><\/span><\/li>\n\n\n\n<li><span class=\"tadv-color\" style=\"color:#16475c\"><strong>Positiver votre accouchement ;<\/strong><\/span><\/li>\n\n\n\n<li><span class=\"tadv-color\" style=\"color:#16475c\"><strong>Renforcer le sentiment de contr\u00f4ler votre accouchement ;<\/strong><\/span><\/li>\n\n\n\n<li><span class=\"tadv-color\" style=\"color:#16475c\"><strong>Apprendre \u00e0 agir mentalement sur les \u00e9ventuelles douleurs ;<\/strong><\/span><\/li>\n\n\n\n<li><span class=\"tadv-color\" style=\"color:#16475c\"><strong>R\u00e9duire le temps de travail ;<\/strong><\/span><\/li>\n\n\n\n<li><span class=\"tadv-color\" style=\"color:#16475c\"><strong>Diminuer les risques d\u2019interventions instrumentales ou m\u00e9dicamenteuses ;<\/strong><\/span><\/li>\n\n\n\n<li><span class=\"tadv-color\" style=\"color:#16475c\"><strong>Intensifier le lien m\u00e8re-enfant.<\/strong><\/span><\/li>\n<\/ul>\n\n\n\n<p><strong><span style=\"color:#19475b\" class=\"tadv-color\">Ce n\u2019est pas un accompagnement th\u00e9rapeutique et physiologique, mais cela vient en compl\u00e9ment d\u2019un suivi m\u00e9dical. Enfin, apr\u00e8s l\u2019accouchement, des s\u00e9ances peuvent accompagner maman et b\u00e9b\u00e9 dans la gestion du stress, fatigue, et relationnelle.<\/span><\/strong><\/p>\n\n\n\n<p><strong><span style=\"color:#164b62\" class=\"tadv-color\">Audios fournis<\/span><\/strong><\/p>\n\n\n\n<p><\/p>\n\n\n\n<h2 class=\"wp-block-heading\"><strong><span class=\"tadv-color\" style=\"color:#104156\"> L&#8217;ACCOMPAGNEMENT FIV\/PMA<\/span><\/strong><\/h2>\n\n\n\n<p class=\"has-normal-font-size\"><strong><span class=\"tadv-color\" style=\"color:#0c3f55\">Lorsqu&#8217;elle n&#8217;est pas m\u00e9dical, la fertilit\u00e9 peut \u00eatre boost\u00e9e avec l&#8217;hypnose. C&#8217;est par des techniques de relaxation, de visualisation, et de r\u00e9paration que l&#8217;on va pouvoir agir sur l&#8217;inconscient. Cette technique n&#8217;est pas encore prouv\u00e9e, mais l&#8217;influence positive de l&#8217;hypnose sur le l\u00e2cher prise, pourrait faire partie d&#8217;une \u00e9ventuelle r\u00e9ussite. Par cons\u00e9quent, elle peut aussi aider dans l&#8217;accompagnement des protocoles FIV\/PMA, pour la pr\u00e9paration mentale, l&#8217;acceptation ainsi que la relaxation. <\/span><\/strong><\/p>\n\n\n\n<p><\/p>\n\n\n\n<h3 class=\"wp-block-heading\"><span style=\"color:#124358\" class=\"tadv-color\"><strong>LES BLOCAGES INCONSCIENTS<\/strong><\/span> <strong><span style=\"color:#11475f\" class=\"tadv-color\">POUVANT EMPECHER UNE GROSSESSE<\/span><\/strong><\/h3>\n\n\n\n<p class=\"has-normal-font-size\"><strong><span style=\"color:#0f3b55\" class=\"tadv-color\"><font color=\"#0d516e\"><b>Vous pouvez avoir des peurs autour de la grossesse, de l\u2019accouchement ou de ne pas \u00eatre une bonne m\u00e8re.<\/b><\/font> L&#8217;hyperactivit\u00e9 et le fait d&#8217;\u00eatre souvent d\u00e9bord\u00e9e de travail, ne laisse souvent pas beaucoup de place dans votre emploi du temps pour l\u2019arriv\u00e9e d\u2019un b\u00e9b\u00e9. Votre inconscient cherche alors \u00e0 vous prot\u00e9ger en \u00e9vitant une grossesse. C&#8217;est en cherchant \u00e0 tout contr\u00f4ler, que votre esprit se focalise sur l&#8217;\u00e9chec. C&#8217;est pourquoi nous voyons souvent les grossesses arriver apr\u00e8s une p\u00e9riode de vacances, ou lorsque vous avez arr\u00eat\u00e9 d&#8217;y penser !<\/span><\/strong><\/p>\n\n\n\n<p><\/p>\n\n\n\n<h3 class=\"wp-block-heading\"><strong><span style=\"color:#0f4860\" class=\"tadv-color\">LES SEANCES<\/span><\/strong><\/h3>\n\n\n\n<p><strong><span class=\"tadv-color\" style=\"color:#0f475f\">En g\u00e9n\u00e9ral, 3 s\u00e9ances \u00e0 n&#8217;importe quel moment du cycle, afin de lib\u00e9rer les tensions, pr\u00e9parer mentalement, et favoriser l&#8217;acceptation du corps. Apr\u00e8s \u00e7a, une s\u00e9ance par mois pour \u00e9liminer l&#8217;anxi\u00e9t\u00e9 peut \u00eatre envisag\u00e9e. <\/span><\/strong><\/p>\n\n\n\n<p class=\"has-normal-font-size\"><\/p>\n\n\n\n<p class=\"has-vivid-red-color has-text-color has-medium-font-size\"><strong>Attention<\/strong><\/p>\n\n\n\n<p class=\"has-normal-font-size\"><sub><strong><span style=\"color:#cf2e2e\" class=\"tadv-color\">L&#8217;hypnose ainsi que les autres techniques de th\u00e9rapie br\u00e8ve ne sont pas magiques. L&#8217;hypnose ne ne vous promet pas une grossesse, mais un accompagnement dans le but d&#8217;optimiser votre mentale. Ce protocole s\u2019effectue&nbsp;<\/span><\/strong><\/sub><strong><sub><span style=\"color:#cf2e2e\" class=\"tadv-color\">apr\u00e8s avoir consult\u00e9 un m\u00e9decin, et effectu\u00e9 un bilan d\u2019infertilit\u00e9 sur le plan m\u00e9dical. <\/span><\/sub><\/strong><\/p>\n","protected":false},"excerpt":{"rendered":"<p>Particuli\u00e8rement impliqu\u00e9e dans la th\u00e9rapie autour de la femme, j\u2019adapte mes outils en fonction du d\u00e9roulement de la s\u00e9ance, afin de proposer un accompagnement optimal, rapide et durable. L&#8217;hypnonatal permet une multitude de possibilit\u00e9s quand au d\u00e9veloppement des facult\u00e9s naturelles de la femme. HYPNONATAL &#8211;&nbsp;<a class=\"read-more\" href=\"https:\/\/hypnotherapeute-sbm.com\/?page_id=604\">&hellip;<\/a><\/p>\n","protected":false},"author":1,"featured_media":0,"parent":18,"menu_order":2,"comment_status":"closed","ping_status":"closed","template":"","meta":{"om_disable_all_campaigns":false,"_monsterinsights_skip_tracking":false,"_monsterinsights_sitenote_active":false,"_monsterinsights_sitenote_note":"","_monsterinsights_sitenote_category":0,"ngg_post_thumbnail":0,"footnotes":""},"class_list":["post-604","page","type-page","status-publish","hentry"],"aioseo_notices":[],"jetpack_shortlink":"https:\/\/wp.me\/PcgQ2S-9K","jetpack_sharing_enabled":true,"_links":{"self":[{"href":"https:\/\/hypnotherapeute-sbm.com\/index.php?rest_route=\/wp\/v2\/pages\/604","targetHints":{"allow":["GET"]}}],"collection":[{"href":"https:\/\/hypnotherapeute-sbm.com\/index.php?rest_route=\/wp\/v2\/pages"}],"about":[{"href":"https:\/\/hypnotherapeute-sbm.com\/index.php?rest_route=\/wp\/v2\/types\/page"}],"author":[{"embeddable":true,"href":"https:\/\/hypnotherapeute-sbm.com\/index.php?rest_route=\/wp\/v2\/users\/1"}],"replies":[{"embeddable":true,"href":"https:\/\/hypnotherapeute-sbm.com\/index.php?rest_route=%2Fwp%2Fv2%2Fcomments&post=604"}],"version-history":[{"count":15,"href":"https:\/\/hypnotherapeute-sbm.com\/index.php?rest_route=\/wp\/v2\/pages\/604\/revisions"}],"predecessor-version":[{"id":976,"href":"https:\/\/hypnotherapeute-sbm.com\/index.php?rest_route=\/wp\/v2\/pages\/604\/revisions\/976"}],"up":[{"embeddable":true,"href":"https:\/\/hypnotherapeute-sbm.com\/index.php?rest_route=\/wp\/v2\/pages\/18"}],"wp:attachment":[{"href":"https:\/\/hypnotherapeute-sbm.com\/index.php?rest_route=%2Fwp%2Fv2%2Fmedia&parent=604"}],"curies":[{"name":"wp","href":"https:\/\/api.w.org\/{rel}","templated":true}]}}