{"id":614,"date":"2021-03-10T18:42:29","date_gmt":"2021-03-10T18:42:29","guid":{"rendered":"http:\/\/hypnotherapeute-sbm.com\/?page_id=614"},"modified":"2021-03-24T15:25:47","modified_gmt":"2021-03-24T15:25:47","slug":"hypnose-saint-germain-en-laye","status":"publish","type":"page","link":"https:\/\/hypnotherapeute-sbm.com\/?page_id=614","title":{"rendered":"HYPNOSE"},"content":{"rendered":"\n<p><\/p>\n\n\n\n<figure class=\"wp-block-image size-large is-resized is-style-rounded\"><img data-recalc-dims=\"1\" loading=\"lazy\" decoding=\"async\" src=\"https:\/\/i0.wp.com\/hypnotherapeute-sbm.com\/wp-content\/uploads\/2020\/08\/2515724_d4ecd.jpg?resize=300%2C169&#038;ssl=1\" alt=\"hypnose saint germain en laye\" class=\"wp-image-169\" width=\"300\" height=\"169\" srcset=\"https:\/\/i0.wp.com\/hypnotherapeute-sbm.com\/wp-content\/uploads\/2020\/08\/2515724_d4ecd.jpg?w=400&amp;ssl=1 400w, https:\/\/i0.wp.com\/hypnotherapeute-sbm.com\/wp-content\/uploads\/2020\/08\/2515724_d4ecd.jpg?resize=300%2C169&amp;ssl=1 300w\" sizes=\"auto, (max-width: 300px) 100vw, 300px\" \/><\/figure>\n\n\n\n<p><strong><span style=\"color:#184153\" class=\"tadv-color\">L&#8217;hypnose est accessible \u00e0 tous. Elle intrigue depuis l&#8217;antiquit\u00e9. C&#8217;est en 1843, que des articles consacr\u00e9s \u00e0 l\u2019hypnose d\u00e9crivent ces effets antalgiques et anesth\u00e9siques. Les premi\u00e8res op\u00e9rations chirurgicales sous hypnose sont un succ\u00e8s : l\u2019ablation d\u2019un sein par J. Cloquet en 1829, le traitement d\u2019un abc\u00e8s par les chirurgiens P. Broca et E. Follin en 1859. Cependant, l&#8217;invention du chloroforme en 1831 et de l&#8217;\u00e9ther en 1846 vont suspendre tout usage chirurgical de l&#8217;hypnose. <\/span><span style=\"color:#14475d\" class=\"tadv-color\">Mais <\/span><span style=\"color:#13465b\" class=\"tadv-color\">a<\/span><span style=\"color:#184153\" class=\"tadv-color\">ujourd&#8217;hui identifi\u00e9e et caract\u00e9ris\u00e9e scientifiquement en imagerie c\u00e9r\u00e9brale (IRM fonctionnelle et PET-Scan), cela permet de montrer l&#8217;existence r\u00e9elle de l&#8217;hypnose.<\/span><\/strong><\/p>\n\n\n\n<p><strong><span style=\"color:#16475b\" class=\"tadv-color\">L&#8217;hypnose est \u00e9tat naturel, qui se caract\u00e9rise pas ses moments suspendus que nous pouvons avoir chaque jour. Lors d&#8217;une lecture, d&#8217;une focalisation les yeux dans le vide, ou lorsque nous sommes dans nos pens\u00e9es. En cabinet, nous pouvons reproduire cet \u00e9tat hypnotique par le biais d&#8217;un langage sp\u00e9cifique. La plus part des personnes pourra r\u00e9pondre facilement \u00e0 des suggestions verbales directes, d&#8217;autres pr\u00e9f\u00e8reront une approche indirecte. Aussi, <\/span><span style=\"color:#0f4258\" class=\"tadv-color\">a<\/span><span style=\"color:#16475b\" class=\"tadv-color\">u fil des s\u00e9ances, l&#8217;apprentissage et la r\u00e9p\u00e9tition, permettra d&#8217;acc\u00e9l\u00e9rer et accentuer l&#8217;\u00e9tat d&#8217;hypnose. On peut d\u00e9finir l&#8217;\u00e9tat d&#8217;hypnose comme un \u00e9tat de veille paradoxal (F. Roustang). Le but recherch\u00e9 est d&#8217;accompagner le consultant \u00e0 mobiliser ses propres ressources pour activer un changement. Chaque relation et s\u00e9ance est unique et individualis\u00e9e, en fonction de la personne.<\/span><\/strong><\/p>\n\n\n\n<p><\/p>\n\n\n\n<p><\/p>\n","protected":false},"excerpt":{"rendered":"<p>L&#8217;hypnose est accessible \u00e0 tous. Elle intrigue depuis l&#8217;antiquit\u00e9. C&#8217;est en 1843, que des articles consacr\u00e9s \u00e0 l\u2019hypnose d\u00e9crivent ces effets antalgiques et anesth\u00e9siques. Les premi\u00e8res op\u00e9rations chirurgicales sous hypnose sont un succ\u00e8s : l\u2019ablation d\u2019un sein par J. Cloquet en 1829, le traitement d\u2019un&nbsp;<a class=\"read-more\" href=\"https:\/\/hypnotherapeute-sbm.com\/?page_id=614\">&hellip;<\/a><\/p>\n","protected":false},"author":1,"featured_media":0,"parent":0,"menu_order":0,"comment_status":"closed","ping_status":"closed","template":"","meta":{"om_disable_all_campaigns":false,"_monsterinsights_skip_tracking":false,"_monsterinsights_sitenote_active":false,"_monsterinsights_sitenote_note":"","_monsterinsights_sitenote_category":0,"ngg_post_thumbnail":0,"footnotes":""},"class_list":["post-614","page","type-page","status-publish","hentry"],"aioseo_notices":[],"jetpack_shortlink":"https:\/\/wp.me\/PcgQ2S-9U","jetpack_sharing_enabled":true,"_links":{"self":[{"href":"https:\/\/hypnotherapeute-sbm.com\/index.php?rest_route=\/wp\/v2\/pages\/614","targetHints":{"allow":["GET"]}}],"collection":[{"href":"https:\/\/hypnotherapeute-sbm.com\/index.php?rest_route=\/wp\/v2\/pages"}],"about":[{"href":"https:\/\/hypnotherapeute-sbm.com\/index.php?rest_route=\/wp\/v2\/types\/page"}],"author":[{"embeddable":true,"href":"https:\/\/hypnotherapeute-sbm.com\/index.php?rest_route=\/wp\/v2\/users\/1"}],"replies":[{"embeddable":true,"href":"https:\/\/hypnotherapeute-sbm.com\/index.php?rest_route=%2Fwp%2Fv2%2Fcomments&post=614"}],"version-history":[{"count":7,"href":"https:\/\/hypnotherapeute-sbm.com\/index.php?rest_route=\/wp\/v2\/pages\/614\/revisions"}],"predecessor-version":[{"id":850,"href":"https:\/\/hypnotherapeute-sbm.com\/index.php?rest_route=\/wp\/v2\/pages\/614\/revisions\/850"}],"wp:attachment":[{"href":"https:\/\/hypnotherapeute-sbm.com\/index.php?rest_route=%2Fwp%2Fv2%2Fmedia&parent=614"}],"curies":[{"name":"wp","href":"https:\/\/api.w.org\/{rel}","templated":true}]}}