{"id":617,"date":"2021-03-10T18:43:06","date_gmt":"2021-03-10T18:43:06","guid":{"rendered":"http:\/\/hypnotherapeute-sbm.com\/?page_id=617"},"modified":"2021-03-21T14:41:08","modified_gmt":"2021-03-21T14:41:08","slug":"eft-pour-gerer-et-liberer-ses-emotions","status":"publish","type":"page","link":"https:\/\/hypnotherapeute-sbm.com\/?page_id=617","title":{"rendered":"EFT"},"content":{"rendered":"\n<figure class=\"wp-block-image size-medium is-resized is-style-rounded\"><img data-recalc-dims=\"1\" loading=\"lazy\" decoding=\"async\" src=\"https:\/\/i0.wp.com\/hypnotherapeute-sbm.com\/wp-content\/uploads\/2021\/03\/1611062489_991444000_4f9.jpeg?resize=225%2C150&#038;ssl=1\" alt=\"EFT\" class=\"wp-image-806\" width=\"225\" height=\"150\" srcset=\"https:\/\/i0.wp.com\/hypnotherapeute-sbm.com\/wp-content\/uploads\/2021\/03\/1611062489_991444000_4f9-scaled.jpeg?resize=300%2C200&amp;ssl=1 300w, https:\/\/i0.wp.com\/hypnotherapeute-sbm.com\/wp-content\/uploads\/2021\/03\/1611062489_991444000_4f9-scaled.jpeg?resize=1024%2C683&amp;ssl=1 1024w, https:\/\/i0.wp.com\/hypnotherapeute-sbm.com\/wp-content\/uploads\/2021\/03\/1611062489_991444000_4f9-scaled.jpeg?resize=768%2C512&amp;ssl=1 768w, https:\/\/i0.wp.com\/hypnotherapeute-sbm.com\/wp-content\/uploads\/2021\/03\/1611062489_991444000_4f9-scaled.jpeg?resize=1536%2C1024&amp;ssl=1 1536w, https:\/\/i0.wp.com\/hypnotherapeute-sbm.com\/wp-content\/uploads\/2021\/03\/1611062489_991444000_4f9-scaled.jpeg?resize=2048%2C1365&amp;ssl=1 2048w, https:\/\/i0.wp.com\/hypnotherapeute-sbm.com\/wp-content\/uploads\/2021\/03\/1611062489_991444000_4f9-scaled.jpeg?w=2400&amp;ssl=1 2400w\" sizes=\"auto, (max-width: 225px) 100vw, 225px\" \/><\/figure>\n\n\n\n<p><\/p>\n\n\n\n<h2 class=\"wp-block-heading\"><span style=\"color:#185069\" class=\"tadv-color\"><strong>Qu&#8217;est-ce que l&#8217;EFT<\/strong><\/span><\/h2>\n\n\n\n<p><\/p>\n\n\n\n<p><span style=\"color:#15455a\" class=\"tadv-color\"><strong>L&#8217;EFT (Emotional Freedom Technique) est une m\u00e9thode psycho-corporelle, elle se base sur une identification du probl\u00e8me et une stimulation du corps.<\/strong> <strong>Le but es<\/strong>t<strong> la lib\u00e9ration des \u00e9motions n\u00e9gatives en tapotant sur des points sp\u00e9cifiques des m\u00e9ridiens afin de faire circuler l&#8217;\u00e9nergie normalement, en r\u00e9p\u00e9tant une phrase positive en rapport avec le probl\u00e8me trait\u00e9. Les points sont les m\u00eames que ceux d\u00e9crits en M\u00e9decine Traditionnelle Chinoise. Cela permet de d\u00e9tacher la charge \u00e9motionnelle associ\u00e9e au souvenir ou situation, ce qui va modifier la vision de l&#8217;individu face \u00e0 son probl\u00e8me. C&#8217;est une combinaison de certains principes issus de l\u2019acupuncture et de l\u2019EMDR (eye movement desensitization and reprocessing). <\/strong><\/span><\/p>\n\n\n\n<p><\/p>\n\n\n\n<h2 class=\"wp-block-heading\"><span style=\"color:#18526a\" class=\"tadv-color\"><strong>Dans quel cas peut-on pratiquer l&#8217;EFT ?<\/strong><\/span><\/h2>\n\n\n\n<p><\/p>\n\n\n\n<p><strong><span style=\"color:#144e67\" class=\"tadv-color\">L&#8217;EFT peut agir pour <\/span><\/strong><\/p>\n\n\n\n<p><strong><span style=\"color:#185069\" class=\"tadv-color\">Tristesse, peur, phobie, col\u00e8re, d\u00e9go\u00fbt, honte, anxi\u00e9t\u00e9, culpabilit\u00e9, etc&#8230;,<\/span><\/strong><\/p>\n\n\n\n<p><strong><span style=\"color:#144155\" class=\"tadv-color\">et peut \u00e9galement aider \u00e0 r\u00e9soudre les probl\u00e8mes physiques :<\/span><\/strong><\/p>\n\n\n\n<p><strong><span style=\"color:#153e50\" class=\"tadv-color\">Douleurs, maigreur, ob\u00e9sit\u00e9, mauvaise image de soi, sommeil etc&#8230;<\/span><\/strong><\/p>\n\n\n\n<p><strong><span style=\"color:#184a5f\" class=\"tadv-color\">ou \u00e0 vous d\u00e9faire de certaines manies :<\/span><\/strong><\/p>\n\n\n\n<p><span style=\"color:#1d566e\" class=\"tadv-color\"><strong>Tabagisme, envies compulsives, b\u00e9gaiemen<\/strong>t<\/span><\/p>\n\n\n\n<p><\/p>\n\n\n\n<h2 class=\"wp-block-heading\"><strong><span style=\"color:#1a4f65\" class=\"tadv-color\">La s\u00e9ance<\/span><\/strong><\/h2>\n\n\n\n<p><\/p>\n\n\n\n<figure class=\"wp-block-image size-medium is-resized is-style-rounded\"><img data-recalc-dims=\"1\" loading=\"lazy\" decoding=\"async\" src=\"https:\/\/i0.wp.com\/hypnotherapeute-sbm.com\/wp-content\/uploads\/2021\/03\/1611062489_443871000_602-1-1.jpeg?resize=200%2C133&#038;ssl=1\" alt=\"EFT SAINT GERMAIN EN LAYE\" class=\"wp-image-807\" width=\"200\" height=\"133\" srcset=\"https:\/\/i0.wp.com\/hypnotherapeute-sbm.com\/wp-content\/uploads\/2021\/03\/1611062489_443871000_602-1-1-scaled.jpeg?resize=300%2C200&amp;ssl=1 300w, https:\/\/i0.wp.com\/hypnotherapeute-sbm.com\/wp-content\/uploads\/2021\/03\/1611062489_443871000_602-1-1-scaled.jpeg?resize=1024%2C683&amp;ssl=1 1024w, https:\/\/i0.wp.com\/hypnotherapeute-sbm.com\/wp-content\/uploads\/2021\/03\/1611062489_443871000_602-1-1-scaled.jpeg?resize=768%2C512&amp;ssl=1 768w, https:\/\/i0.wp.com\/hypnotherapeute-sbm.com\/wp-content\/uploads\/2021\/03\/1611062489_443871000_602-1-1-scaled.jpeg?resize=1536%2C1024&amp;ssl=1 1536w, https:\/\/i0.wp.com\/hypnotherapeute-sbm.com\/wp-content\/uploads\/2021\/03\/1611062489_443871000_602-1-1-scaled.jpeg?resize=2048%2C1365&amp;ssl=1 2048w, https:\/\/i0.wp.com\/hypnotherapeute-sbm.com\/wp-content\/uploads\/2021\/03\/1611062489_443871000_602-1-1-scaled.jpeg?w=2400&amp;ssl=1 2400w\" sizes=\"auto, (max-width: 200px) 100vw, 200px\" \/><\/figure>\n\n\n\n<p><strong><span style=\"color:#16475b\" class=\"tadv-color\">En premier lieu, je vous am\u00e8ne tout d&#8217;abord, de mani\u00e8re bienveillante, \u00e0 m&#8217;exposer la probl\u00e9matique pour laquelle vous me consultez, je vous pose quelques questions pour conna\u00eetre votre histoire. Je vous aide \u00e0 trouver les bons mots, ceux qui d\u00e9crivent au mieux votre ressenti . Ce sont ces mots que j&#8217;utiliserai pendant la s\u00e9ance.&nbsp;Vous \u00e9valuez sur une \u00e9chelle de 1 \u00e0 10 le niveau de g\u00eane du probl\u00e8me.<\/span><\/strong><\/p>\n\n\n\n<p><span style=\"color:#153f51\" class=\"tadv-color\"><strong>Une fois install\u00e9 confortablement, je vous invite \u00e0 reproduire les gestes que j&#8217;effectue et r\u00e9p\u00e9ter 3 fois une phrase d\u00e9finie en amont, en tapotant le visage de la main droite. Au dessus de la t\u00e8te, au d\u00e9but des sourcils, au niveau du coin des yeux, sous les yeux, sous le nez, au creux du menton, au niveau de la clavicule, sous le sein et enfin sous le bras. Puis les phrases se modifient et s&#8217;enrichissent \u00e0 chaque s\u00e9quence.<\/strong><\/span><\/p>\n\n\n\n<p><strong><span style=\"color:#174e65\" class=\"tadv-color\">Apr\u00e8s \u00e9valuation \u00e0 nouveau, nous pouvons arr\u00eater l\u00e0 la s\u00e9ance ou continuer sur un nouvel exercice<\/span><\/strong> <strong><span style=\"color:#184d64\" class=\"tadv-color\">si l&#8217;intensit\u00e9 de la g\u00eane n&#8217;a pas assez diminu\u00e9e.<\/span><\/strong><\/p>\n\n\n\n<p><\/p>\n","protected":false},"excerpt":{"rendered":"<p>Qu&#8217;est-ce que l&#8217;EFT L&#8217;EFT (Emotional Freedom Technique) est une m\u00e9thode psycho-corporelle, elle se base sur une identification du probl\u00e8me et une stimulation du corps. Le but est la lib\u00e9ration des \u00e9motions n\u00e9gatives en tapotant sur des points sp\u00e9cifiques des m\u00e9ridiens afin de faire circuler l&#8217;\u00e9nergie&nbsp;<a class=\"read-more\" href=\"https:\/\/hypnotherapeute-sbm.com\/?page_id=617\">&hellip;<\/a><\/p>\n","protected":false},"author":1,"featured_media":0,"parent":0,"menu_order":0,"comment_status":"closed","ping_status":"closed","template":"","meta":{"om_disable_all_campaigns":false,"_monsterinsights_skip_tracking":false,"_monsterinsights_sitenote_active":false,"_monsterinsights_sitenote_note":"","_monsterinsights_sitenote_category":0,"ngg_post_thumbnail":0,"footnotes":""},"class_list":["post-617","page","type-page","status-publish","hentry"],"aioseo_notices":[],"jetpack_shortlink":"https:\/\/wp.me\/PcgQ2S-9X","jetpack_sharing_enabled":true,"_links":{"self":[{"href":"https:\/\/hypnotherapeute-sbm.com\/index.php?rest_route=\/wp\/v2\/pages\/617","targetHints":{"allow":["GET"]}}],"collection":[{"href":"https:\/\/hypnotherapeute-sbm.com\/index.php?rest_route=\/wp\/v2\/pages"}],"about":[{"href":"https:\/\/hypnotherapeute-sbm.com\/index.php?rest_route=\/wp\/v2\/types\/page"}],"author":[{"embeddable":true,"href":"https:\/\/hypnotherapeute-sbm.com\/index.php?rest_route=\/wp\/v2\/users\/1"}],"replies":[{"embeddable":true,"href":"https:\/\/hypnotherapeute-sbm.com\/index.php?rest_route=%2Fwp%2Fv2%2Fcomments&post=617"}],"version-history":[{"count":5,"href":"https:\/\/hypnotherapeute-sbm.com\/index.php?rest_route=\/wp\/v2\/pages\/617\/revisions"}],"predecessor-version":[{"id":810,"href":"https:\/\/hypnotherapeute-sbm.com\/index.php?rest_route=\/wp\/v2\/pages\/617\/revisions\/810"}],"wp:attachment":[{"href":"https:\/\/hypnotherapeute-sbm.com\/index.php?rest_route=%2Fwp%2Fv2%2Fmedia&parent=617"}],"curies":[{"name":"wp","href":"https:\/\/api.w.org\/{rel}","templated":true}]}}