{"id":620,"date":"2021-03-10T18:43:42","date_gmt":"2021-03-10T18:43:42","guid":{"rendered":"http:\/\/hypnotherapeute-sbm.com\/?page_id=620"},"modified":"2024-11-25T10:42:26","modified_gmt":"2024-11-25T10:42:26","slug":"ritmo-emdr-paris","status":"publish","type":"page","link":"https:\/\/hypnotherapeute-sbm.com\/?page_id=620","title":{"rendered":"RITMO \u00ae (proche EMDR)"},"content":{"rendered":"\n<figure class=\"wp-block-image size-full is-resized is-style-rounded\"><img data-recalc-dims=\"1\" loading=\"lazy\" decoding=\"async\" width=\"500\" height=\"354\" src=\"https:\/\/i0.wp.com\/hypnotherapeute-sbm.com\/wp-content\/uploads\/2020\/08\/yvelines-hypnose-j-cadoret-1.jpg?resize=500%2C354&#038;ssl=1\" alt=\"\" class=\"wp-image-53\" style=\"width:210px;height:141px\" srcset=\"https:\/\/i0.wp.com\/hypnotherapeute-sbm.com\/wp-content\/uploads\/2020\/08\/yvelines-hypnose-j-cadoret-1.jpg?w=500&amp;ssl=1 500w, https:\/\/i0.wp.com\/hypnotherapeute-sbm.com\/wp-content\/uploads\/2020\/08\/yvelines-hypnose-j-cadoret-1.jpg?resize=300%2C212&amp;ssl=1 300w\" sizes=\"auto, (max-width: 500px) 100vw, 500px\" \/><\/figure>\n\n\n\n<p class=\"has-text-color\" style=\"color:#174b61\"><strong>Francine Shapiro, psychologue am\u00e9ricaine, d\u00e9couvre dans les ann\u00e9es 1980 ce qui va devenir une des derni\u00e8res r\u00e9volutions th\u00e9rapeutiques : l&#8217;EMDR (Eye Movement Desensibilization and Retreatment).<\/strong><\/p>\n\n\n\n<p><strong><span style=\"color:#113d4f\" class=\"tadv-color\">Le&nbsp;RITMO\u00ae, Retraitement de l&#8217;Information Traumatique par les Mouvements Oculaires (d\u00e9pos\u00e9 \u00e0 l&#8217;INPI) est une combinaison d&#8217;hypnose et d&#8217;EMDR. Les personnes traumatis\u00e9es subissent au quotidien des angoisses, difficult\u00e9s de concentration, un sommeil perturb\u00e9, du mal \u00e0 contr\u00f4ler leurs \u00e9motions&#8230; tout cela bien apr\u00e8s  le choc \u00e9motionnel. Ce sont les stimulations&nbsp;bi-lat\u00e9rales visuelles, auditives et corporelles qui vont permettre d&#8217;activer les zones du cerveau impliqu\u00e9es jusqu&#8217;\u00e0 s\u00e9parer l&#8217;\u00e9v\u00e9nement traumatique de l&#8217;\u00e9motion ressentie. La perception du traumatisme change, l&#8217;\u00e9v\u00e9nement est donc int\u00e9gr\u00e9 puis d\u00e9pass\u00e9.<\/span><\/strong><\/p>\n\n\n\n<p class=\"has-text-color\" style=\"color:#164f68\"><strong>La plus part du temps utilis\u00e9 pour les traumatismes : accident, agression, deuil&#8230;,&nbsp;le RITMO\u00ae permet aussi d&#8217;excellents r\u00e9sultats sur les blocages \u00e9motionnels, les comportements compulsifs, les peurs, le manque de confiance en soi, mais aussi l&#8217;am\u00e9lioration des comp\u00e9tences. <\/strong><\/p>\n","protected":false},"excerpt":{"rendered":"<p>Francine Shapiro, psychologue am\u00e9ricaine, d\u00e9couvre dans les ann\u00e9es 1980 ce qui va devenir une des derni\u00e8res r\u00e9volutions th\u00e9rapeutiques : l&#8217;EMDR (Eye Movement Desensibilization and Retreatment). Le&nbsp;RITMO\u00ae, Retraitement de l&#8217;Information Traumatique par les Mouvements Oculaires (d\u00e9pos\u00e9 \u00e0 l&#8217;INPI) est une combinaison d&#8217;hypnose et d&#8217;EMDR. Les personnes&nbsp;<a class=\"read-more\" href=\"https:\/\/hypnotherapeute-sbm.com\/?page_id=620\">&hellip;<\/a><\/p>\n","protected":false},"author":1,"featured_media":0,"parent":0,"menu_order":0,"comment_status":"closed","ping_status":"closed","template":"","meta":{"om_disable_all_campaigns":false,"_monsterinsights_skip_tracking":false,"_monsterinsights_sitenote_active":false,"_monsterinsights_sitenote_note":"","_monsterinsights_sitenote_category":0,"ngg_post_thumbnail":0,"footnotes":""},"class_list":["post-620","page","type-page","status-publish","hentry"],"aioseo_notices":[],"jetpack_shortlink":"https:\/\/wp.me\/PcgQ2S-a0","jetpack_sharing_enabled":true,"_links":{"self":[{"href":"https:\/\/hypnotherapeute-sbm.com\/index.php?rest_route=\/wp\/v2\/pages\/620","targetHints":{"allow":["GET"]}}],"collection":[{"href":"https:\/\/hypnotherapeute-sbm.com\/index.php?rest_route=\/wp\/v2\/pages"}],"about":[{"href":"https:\/\/hypnotherapeute-sbm.com\/index.php?rest_route=\/wp\/v2\/types\/page"}],"author":[{"embeddable":true,"href":"https:\/\/hypnotherapeute-sbm.com\/index.php?rest_route=\/wp\/v2\/users\/1"}],"replies":[{"embeddable":true,"href":"https:\/\/hypnotherapeute-sbm.com\/index.php?rest_route=%2Fwp%2Fv2%2Fcomments&post=620"}],"version-history":[{"count":3,"href":"https:\/\/hypnotherapeute-sbm.com\/index.php?rest_route=\/wp\/v2\/pages\/620\/revisions"}],"predecessor-version":[{"id":987,"href":"https:\/\/hypnotherapeute-sbm.com\/index.php?rest_route=\/wp\/v2\/pages\/620\/revisions\/987"}],"wp:attachment":[{"href":"https:\/\/hypnotherapeute-sbm.com\/index.php?rest_route=%2Fwp%2Fv2%2Fmedia&parent=620"}],"curies":[{"name":"wp","href":"https:\/\/api.w.org\/{rel}","templated":true}]}}