{"id":623,"date":"2021-03-10T18:44:08","date_gmt":"2021-03-10T18:44:08","guid":{"rendered":"http:\/\/hypnotherapeute-sbm.com\/?page_id=623"},"modified":"2021-03-31T11:18:23","modified_gmt":"2021-03-31T11:18:23","slug":"pnl","status":"publish","type":"page","link":"https:\/\/hypnotherapeute-sbm.com\/?page_id=623","title":{"rendered":"PNL (Programmation Neuro Linguistique)"},"content":{"rendered":"\n<p><\/p>\n\n\n\n<figure class=\"wp-block-image size-large is-resized is-style-rounded\"><img data-recalc-dims=\"1\" loading=\"lazy\" decoding=\"async\" src=\"https:\/\/i0.wp.com\/hypnotherapeute-sbm.com\/wp-content\/uploads\/2020\/08\/yvelines-hypnose-j-cadoret.jpg?resize=250%2C177&#038;ssl=1\" alt=\"pnl\" class=\"wp-image-14\" width=\"250\" height=\"177\" srcset=\"https:\/\/i0.wp.com\/hypnotherapeute-sbm.com\/wp-content\/uploads\/2020\/08\/yvelines-hypnose-j-cadoret.jpg?w=500&amp;ssl=1 500w, https:\/\/i0.wp.com\/hypnotherapeute-sbm.com\/wp-content\/uploads\/2020\/08\/yvelines-hypnose-j-cadoret.jpg?resize=300%2C212&amp;ssl=1 300w\" sizes=\"auto, (max-width: 250px) 100vw, 250px\" \/><\/figure>\n\n\n\n<p class=\"has-text-color\" style=\"color:#12455a\"><strong>La PNL est le mode d&#8217;emploi du cerveau. C&#8217;est un ensemble de techniques de communication et de transformation de soi qui s&#8217;int\u00e9resse \u00e0 nos r\u00e9actions plut\u00f4t qu&#8217;aux origines de nos comportements. La PNL va aider \u00e0 changer la fa\u00e7on dont un individu per\u00e7oit son environnement. Chaque individu poss\u00e8de sa propre carte du monde qui s&#8217;\u00e9tablit en fonction de ses croyances et de ses conditionnements.<\/strong> <strong>Cette m\u00e9thode a pour objectif de mettre en place des nouveaux sch\u00e9mas comportementaux pour favoriser d\u00e9veloppement personnel.<\/strong> <strong>De cr\u00e9er de nouveaux potentiels de r\u00e9ussite dans tous les domaines de la vie.<\/strong><\/p>\n\n\n\n<p class=\"has-text-color\" style=\"color:#16465a\"><strong>Voici quelques pr\u00e9suppos\u00e9s de la PNL <\/strong><\/p>\n\n\n\n<ul class=\"has-text-color wp-block-list\" style=\"color:#154c63\"><li><strong>La carte n&#8217;est pas le territoire<\/strong><\/li><li><strong>Tout comportement, \u00e0 son origine, est orient\u00e9 vers l&#8217;adaptation et d\u00e9tient une intention positive<\/strong><\/li><li><strong>Il n&#8217;y a pas d&#8217;\u00e9chec, seulement du retour d&#8217;exp\u00e9rience, des apprentissages<\/strong><\/li><\/ul>\n\n\n\n<p><\/p>\n\n\n\n<h2 class=\"has-text-color wp-block-heading\" style=\"color:#16485e\"><strong>LES BIENFAITS DE LA PNL<\/strong><\/h2>\n\n\n\n<p><\/p>\n\n\n\n<ul class=\"has-text-color wp-block-list\" style=\"color:#113b4c\"><li><strong>Am\u00e9lioration de la communication avec les autres<\/strong><\/li><li><strong>Connaissance de soi<\/strong><\/li><li><strong>Am\u00e9lioration des performances (sportives, intellectuelles)<\/strong><\/li><li><strong>Diminution de l&#8217;anxi\u00e9t\u00e9<\/strong><\/li><li><strong>Meilleure qualit\u00e9 de vie<\/strong><\/li><li><strong>Am\u00e9lioration des difficult\u00e9s psychologiques<\/strong><\/li><\/ul>\n\n\n\n<p><\/p>\n\n\n\n<h2 class=\"has-text-color wp-block-heading\" style=\"color:#15475c\"><strong>LA SEANCE<\/strong><\/h2>\n\n\n\n<p><\/p>\n\n\n\n<p class=\"has-text-color\" style=\"color:#14465b\"><strong>La PNL est une pratique conversationnelle orient\u00e9e solution. Apr\u00e8s avoir effectu\u00e9 une d\u00e9termination d&#8217;objectif, par un \u00e9change de questions et r\u00e9ponses, nous cherchons \u00e0 am\u00e9liorer ou modifier vos comportements, croyances limitantes, en levant les blocages inconscients, dans le but de g\u00e9n\u00e9rer du changement. Nous cherchons des solutions plut\u00f4t que de s&#8217;attarder sur les causes afin d&#8217;aller vers votre objectif avec vos propres ressources et exp\u00e9riences. Selon les cas 2 \u00e0 10 s\u00e9ances seront n\u00e9cessaires pour votre nouvelle vie.<\/strong><\/p>\n","protected":false},"excerpt":{"rendered":"<p>La PNL est le mode d&#8217;emploi du cerveau. C&#8217;est un ensemble de techniques de communication et de transformation de soi qui s&#8217;int\u00e9resse \u00e0 nos r\u00e9actions plut\u00f4t qu&#8217;aux origines de nos comportements. La PNL va aider \u00e0 changer la fa\u00e7on dont un individu per\u00e7oit son environnement.&nbsp;<a class=\"read-more\" href=\"https:\/\/hypnotherapeute-sbm.com\/?page_id=623\">&hellip;<\/a><\/p>\n","protected":false},"author":1,"featured_media":0,"parent":0,"menu_order":0,"comment_status":"closed","ping_status":"closed","template":"","meta":{"om_disable_all_campaigns":false,"_monsterinsights_skip_tracking":false,"_monsterinsights_sitenote_active":false,"_monsterinsights_sitenote_note":"","_monsterinsights_sitenote_category":0,"ngg_post_thumbnail":0,"footnotes":""},"class_list":["post-623","page","type-page","status-publish","hentry"],"aioseo_notices":[],"jetpack_shortlink":"https:\/\/wp.me\/PcgQ2S-a3","jetpack_sharing_enabled":true,"_links":{"self":[{"href":"https:\/\/hypnotherapeute-sbm.com\/index.php?rest_route=\/wp\/v2\/pages\/623","targetHints":{"allow":["GET"]}}],"collection":[{"href":"https:\/\/hypnotherapeute-sbm.com\/index.php?rest_route=\/wp\/v2\/pages"}],"about":[{"href":"https:\/\/hypnotherapeute-sbm.com\/index.php?rest_route=\/wp\/v2\/types\/page"}],"author":[{"embeddable":true,"href":"https:\/\/hypnotherapeute-sbm.com\/index.php?rest_route=\/wp\/v2\/users\/1"}],"replies":[{"embeddable":true,"href":"https:\/\/hypnotherapeute-sbm.com\/index.php?rest_route=%2Fwp%2Fv2%2Fcomments&post=623"}],"version-history":[{"count":4,"href":"https:\/\/hypnotherapeute-sbm.com\/index.php?rest_route=\/wp\/v2\/pages\/623\/revisions"}],"predecessor-version":[{"id":889,"href":"https:\/\/hypnotherapeute-sbm.com\/index.php?rest_route=\/wp\/v2\/pages\/623\/revisions\/889"}],"wp:attachment":[{"href":"https:\/\/hypnotherapeute-sbm.com\/index.php?rest_route=%2Fwp%2Fv2%2Fmedia&parent=623"}],"curies":[{"name":"wp","href":"https:\/\/api.w.org\/{rel}","templated":true}]}}